{"id":74,"date":"2017-11-07T15:53:08","date_gmt":"2017-11-07T14:53:08","guid":{"rendered":"http:\/\/88.126.63.142\/wordpress\/?page_id=74"},"modified":"2019-09-04T20:38:40","modified_gmt":"2019-09-04T18:38:40","slug":"permis-moto-a","status":"publish","type":"page","link":"https:\/\/auto-moto-ecole-plein-gaz.com\/index.php\/permis-moto-a\/","title":{"rendered":"Passerelle vers A"},"content":{"rendered":"<p>Cette cat\u00e9gorie de permis s&rsquo;adresse aux personnes de plus de 20 ans qui souhaitent conduire des motos ou 3 roues de grosse cylindr\u00e9e, quelle que soit leur puissance.<\/p>\n<div class=\"off-canvas-wrapper\">\n<div class=\"off-canvas-content\" data-off-canvas-content=\"\">\n<div class=\"mode-one-page\">\n<section class=\"section-white-sm\">\n<div class=\"row\">\n<div class=\"columns small-12 medium-12 large-8\">\n<div class=\"zone-fp\">Il n&rsquo;y a plus de limitation de puissance d\u00e9sormais si les motos sont \u00e9quip\u00e9es de l&rsquo;ABS.<br \/>\nN\u00e9anmoins, <strong>vous ne pouvez plus passer cette cat\u00e9gorie directement<\/strong>. Il faut <strong>d\u00e9j\u00e0 avoir obtenu la cat\u00e9gorie A2<\/strong>.<br \/>\nVous devez avoir<strong> au minimum 20 ans <\/strong>pour vous pr\u00e9senter \u00e0\u00a0 la formation du permis A et d\u00e9tenir depuis plus de 2 ans votre permis de conduire dot\u00e9 de la cat\u00e9gorie A2.<\/p>\n<h2>Le d\u00e9roulement de la formation :<\/h2>\n<p>La formation dure 7 heures et n&rsquo;est pas sanctionn\u00e9e par un examen final.<br \/>\nElle est d\u00e9compos\u00e9e en 3 s\u00e9quences :<\/p>\n<ol>\n<li>une s\u00e9quence th\u00e9orique de 2 heures<\/li>\n<li>une s\u00e9quence pratique hors circulation<\/li>\n<li>une s\u00e9quence pratique en circulation.<\/li>\n<\/ol>\n<p><span style=\"font-size: 14pt;\"><strong><span class=\"enhance\">S\u00e9quence th\u00e9orique : <\/span><\/strong><\/span><br \/>\nLe but de cette formation th\u00e9orique est de faire le point d&rsquo;une part sur votre conduite en A2. Le moniteur \u00e9changera avec vous sur vos habitudes de conduite.<br \/>\nD&rsquo;autre part, cette formation a pour but de vous montrer tous les risques potentiels des grosses cylindr\u00e9es et d&rsquo;\u00e9changer sur\u00a0 diff\u00e9rents th\u00e8mes de la s\u00e9curit\u00e9 routi\u00e8re tels que :<\/p>\n<ul class=\"ul-moto\">\n<li>les accidents de la route et leurs cons\u00e9quences ;<\/li>\n<li>cons\u00e9quences du ph\u00e9nom\u00e8ne de vitesse ;<\/li>\n<li>les pi\u00e8ges de la route ;<\/li>\n<li>les \u00e9quipements protecteurs adapt\u00e9s \u00c3\u00a0 la moto ;<\/li>\n<li>les dangers de l&rsquo;alcool et autres substances.<\/li>\n<li><\/li>\n<\/ul>\n<p><span class=\"enhance\" style=\"font-size: 14pt;\"><strong>S\u00e9quence pratique hors circulation :<\/strong> <\/span><br \/>\nAu cours de ces 2 heures vous disposez d&rsquo;une moto d&rsquo;une puissance sup\u00e9rieure \u00c3\u00a0 35 Kw, vous pourrez les effectuer avec ou sans passager.<br \/>\nLe but de cette s\u00e9quence est de prendre en main la moto plus puissante et de r\u00e9adapter vos habitudes de conduite \u00e0\u00a0 ce mod\u00e8le de moto :<\/p>\n<ul class=\"ul-moto\">\n<li>Prise en main du v\u00e9hicule;<\/li>\n<li>V\u00e9rification du v\u00e9hicule ;<\/li>\n<li>D\u00e9marrage et arr\u00eat du v\u00e9hicule ;<\/li>\n<li>Positionnement du conducteur;<\/li>\n<li>Passage des vitesses ;<\/li>\n<li>Freinage ;<\/li>\n<li>Positionnement sur la chauss\u00e9e et maintien de la trajectoire ;<\/li>\n<li>Tenir l&rsquo;\u00e9quilibre avec et sans passager.<\/li>\n<\/ul>\n<p><span class=\"enhance\" style=\"font-size: 14pt;\"><strong>S\u00e9quence pratique en circulation :<\/strong> <\/span><br \/>\nLe but de cette derni\u00e8re s\u00e9quence est de rouler en toute s\u00e9curit\u00e9 avec ce mod\u00e8le plus puissant avec les autre usagers.<br \/>\nElle se d\u00e9roule avec un maximum de 4 \u00e9l\u00e8ves pour 1 moniteur. Pendant toute la s\u00e9ance,\u00a0 vous allez \u00eatre reli\u00e9e \u00e0\u00a0 votre moniteur gr\u00e2ce \u00e0\u00a0 une liaison radio. Votre moniteur vous suivra dans une voiture.<br \/>\nLa conduite dure au minimum 30 min selon les indications que vous donne votre moniteur. Ensuite 10 minutes sont consacr\u00e9es \u00e0 un bilan personnel et \u00e0 des explications d\u00e9taill\u00e9es de votre moniteur.<br \/>\nDurant la conduite vous devez \u00eatre en mesure :<\/p>\n<ul class=\"ul-moto\">\n<li>d&rsquo;adapter votre vitesse \u00e0\u00a0 la circulation ;<\/li>\n<li>de bien vous placer sur la chauss\u00e9e en fonction notamment des angles morts ;<\/li>\n<li>de franchir une intersection ;<\/li>\n<li>de d\u00e9passer en toute s\u00e9curit\u00e9.<\/li>\n<\/ul>\n<p>A la fin de la formation, votre formateur dresse un bilan de votre prestation,. Vous \u00e9changerez enfin sur votre ressenti et poserez vos questions.<\/p>\n<h2>Fin de la formation : demande de la cat\u00e9gorie A :<\/h2>\n<p>Il n&rsquo;y a pas d&rsquo;examen final donc si votre moniteur estime que vous \u00eates apte \u00e0 conduire le v\u00e9hicule pour lequel vous avez suivi cette formation, il vous remettra une attestation de suivi de formation.<br \/>\n<img decoding=\"async\" loading=\"lazy\" class=\"wp-image-564  aligncenter\" src=\"https:\/\/auto-moto-ecole-plein-gaz.com\/wp-content\/uploads\/2019\/09\/S1000RR-300x255.jpg\" alt=\"\" width=\"579\" height=\"492\" srcset=\"https:\/\/auto-moto-ecole-plein-gaz.com\/wp-content\/uploads\/2019\/09\/S1000RR-300x255.jpg 300w, https:\/\/auto-moto-ecole-plein-gaz.com\/wp-content\/uploads\/2019\/09\/S1000RR-768x652.jpg 768w, https:\/\/auto-moto-ecole-plein-gaz.com\/wp-content\/uploads\/2019\/09\/S1000RR.jpg 1000w\" sizes=\"(max-width: 579px) 100vw, 579px\" \/><\/p>\n<\/div>\n<\/div>\n<\/div>\n<\/section>\n<\/div>\n<\/div>\n<\/div>\n","protected":false},"excerpt":{"rendered":"<p>Cette cat\u00e9gorie de permis s&rsquo;adresse aux personnes de plus de 20 ans qui souhaitent conduire des motos ou 3 roues de grosse cylindr\u00e9e, quelle que soit leur puissance. Il n&rsquo;y [&hellip;]<\/p>\n","protected":false},"author":3,"featured_media":0,"parent":0,"menu_order":0,"comment_status":"closed","ping_status":"closed","template":"","meta":[],"acf":[],"yoast_head":"<!-- This site is optimized with the Yoast SEO plugin v20.4 - https:\/\/yoast.com\/wordpress\/plugins\/seo\/ -->\n<title>Passerelle vers A - Auto-Moto Ecole Plein Gaz<\/title>\n<meta name=\"robots\" content=\"index, follow, max-snippet:-1, max-image-preview:large, max-video-preview:-1\" \/>\n<link rel=\"canonical\" href=\"https:\/\/auto-moto-ecole-plein-gaz.com\/index.php\/permis-moto-a\/\" \/>\n<meta property=\"og:locale\" content=\"fr_FR\" \/>\n<meta property=\"og:type\" content=\"article\" \/>\n<meta property=\"og:title\" content=\"Passerelle vers A - Auto-Moto Ecole Plein Gaz\" \/>\n<meta property=\"og:description\" content=\"Cette cat\u00e9gorie de permis s&rsquo;adresse aux personnes de plus de 20 ans qui souhaitent conduire des motos ou 3 roues de grosse cylindr\u00e9e, quelle que soit leur puissance. Il n&rsquo;y [&hellip;]\" \/>\n<meta property=\"og:url\" content=\"https:\/\/auto-moto-ecole-plein-gaz.com\/index.php\/permis-moto-a\/\" \/>\n<meta property=\"og:site_name\" content=\"Auto-Moto Ecole Plein Gaz\" \/>\n<meta property=\"article:modified_time\" content=\"2019-09-04T18:38:40+00:00\" \/>\n<meta property=\"og:image\" content=\"https:\/\/auto-moto-ecole-plein-gaz.com\/wp-content\/uploads\/2019\/09\/S1000RR-300x255.jpg\" \/>\n<meta name=\"twitter:card\" content=\"summary_large_image\" \/>\n<meta name=\"twitter:label1\" content=\"Dur\u00e9e de lecture estim\u00e9e\" \/>\n\t<meta name=\"twitter:data1\" content=\"3 minutes\" \/>\n<script type=\"application\/ld+json\" class=\"yoast-schema-graph\">{\"@context\":\"https:\/\/schema.org\",\"@graph\":[{\"@type\":\"WebPage\",\"@id\":\"https:\/\/auto-moto-ecole-plein-gaz.com\/index.php\/permis-moto-a\/\",\"url\":\"https:\/\/auto-moto-ecole-plein-gaz.com\/index.php\/permis-moto-a\/\",\"name\":\"Passerelle vers A - Auto-Moto Ecole Plein Gaz\",\"isPartOf\":{\"@id\":\"https:\/\/auto-moto-ecole-plein-gaz.com\/#website\"},\"datePublished\":\"2017-11-07T14:53:08+00:00\",\"dateModified\":\"2019-09-04T18:38:40+00:00\",\"breadcrumb\":{\"@id\":\"https:\/\/auto-moto-ecole-plein-gaz.com\/index.php\/permis-moto-a\/#breadcrumb\"},\"inLanguage\":\"fr-FR\",\"potentialAction\":[{\"@type\":\"ReadAction\",\"target\":[\"https:\/\/auto-moto-ecole-plein-gaz.com\/index.php\/permis-moto-a\/\"]}]},{\"@type\":\"BreadcrumbList\",\"@id\":\"https:\/\/auto-moto-ecole-plein-gaz.com\/index.php\/permis-moto-a\/#breadcrumb\",\"itemListElement\":[{\"@type\":\"ListItem\",\"position\":1,\"name\":\"Home\",\"item\":\"https:\/\/auto-moto-ecole-plein-gaz.com\/\"},{\"@type\":\"ListItem\",\"position\":2,\"name\":\"Passerelle vers A\"}]},{\"@type\":\"WebSite\",\"@id\":\"https:\/\/auto-moto-ecole-plein-gaz.com\/#website\",\"url\":\"https:\/\/auto-moto-ecole-plein-gaz.com\/\",\"name\":\"Auto-Moto Ecole Plein Gaz\",\"description\":\"Auto-Moto Ecole Plein Gaz\",\"publisher\":{\"@id\":\"https:\/\/auto-moto-ecole-plein-gaz.com\/#organization\"},\"potentialAction\":[{\"@type\":\"SearchAction\",\"target\":{\"@type\":\"EntryPoint\",\"urlTemplate\":\"https:\/\/auto-moto-ecole-plein-gaz.com\/?s={search_term_string}\"},\"query-input\":\"required name=search_term_string\"}],\"inLanguage\":\"fr-FR\"},{\"@type\":\"Organization\",\"@id\":\"https:\/\/auto-moto-ecole-plein-gaz.com\/#organization\",\"name\":\"auto ecole plein gaz\",\"url\":\"https:\/\/auto-moto-ecole-plein-gaz.com\/\",\"logo\":{\"@type\":\"ImageObject\",\"inLanguage\":\"fr-FR\",\"@id\":\"https:\/\/auto-moto-ecole-plein-gaz.com\/#\/schema\/logo\/image\/\",\"url\":\"https:\/\/auto-moto-ecole-plein-gaz.com\/wp-content\/uploads\/2017\/11\/pgfinal.png\",\"contentUrl\":\"https:\/\/auto-moto-ecole-plein-gaz.com\/wp-content\/uploads\/2017\/11\/pgfinal.png\",\"width\":280,\"height\":153,\"caption\":\"auto ecole plein gaz\"},\"image\":{\"@id\":\"https:\/\/auto-moto-ecole-plein-gaz.com\/#\/schema\/logo\/image\/\"}}]}<\/script>\n<!-- \/ Yoast SEO plugin. -->","yoast_head_json":{"title":"Passerelle vers A - Auto-Moto Ecole Plein Gaz","robots":{"index":"index","follow":"follow","max-snippet":"max-snippet:-1","max-image-preview":"max-image-preview:large","max-video-preview":"max-video-preview:-1"},"canonical":"https:\/\/auto-moto-ecole-plein-gaz.com\/index.php\/permis-moto-a\/","og_locale":"fr_FR","og_type":"article","og_title":"Passerelle vers A - Auto-Moto Ecole Plein Gaz","og_description":"Cette cat\u00e9gorie de permis s&rsquo;adresse aux personnes de plus de 20 ans qui souhaitent conduire des motos ou 3 roues de grosse cylindr\u00e9e, quelle que soit leur puissance. Il n&rsquo;y [&hellip;]","og_url":"https:\/\/auto-moto-ecole-plein-gaz.com\/index.php\/permis-moto-a\/","og_site_name":"Auto-Moto Ecole Plein Gaz","article_modified_time":"2019-09-04T18:38:40+00:00","og_image":[{"url":"https:\/\/auto-moto-ecole-plein-gaz.com\/wp-content\/uploads\/2019\/09\/S1000RR-300x255.jpg"}],"twitter_card":"summary_large_image","twitter_misc":{"Dur\u00e9e de lecture estim\u00e9e":"3 minutes"},"schema":{"@context":"https:\/\/schema.org","@graph":[{"@type":"WebPage","@id":"https:\/\/auto-moto-ecole-plein-gaz.com\/index.php\/permis-moto-a\/","url":"https:\/\/auto-moto-ecole-plein-gaz.com\/index.php\/permis-moto-a\/","name":"Passerelle vers A - Auto-Moto Ecole Plein Gaz","isPartOf":{"@id":"https:\/\/auto-moto-ecole-plein-gaz.com\/#website"},"datePublished":"2017-11-07T14:53:08+00:00","dateModified":"2019-09-04T18:38:40+00:00","breadcrumb":{"@id":"https:\/\/auto-moto-ecole-plein-gaz.com\/index.php\/permis-moto-a\/#breadcrumb"},"inLanguage":"fr-FR","potentialAction":[{"@type":"ReadAction","target":["https:\/\/auto-moto-ecole-plein-gaz.com\/index.php\/permis-moto-a\/"]}]},{"@type":"BreadcrumbList","@id":"https:\/\/auto-moto-ecole-plein-gaz.com\/index.php\/permis-moto-a\/#breadcrumb","itemListElement":[{"@type":"ListItem","position":1,"name":"Home","item":"https:\/\/auto-moto-ecole-plein-gaz.com\/"},{"@type":"ListItem","position":2,"name":"Passerelle vers A"}]},{"@type":"WebSite","@id":"https:\/\/auto-moto-ecole-plein-gaz.com\/#website","url":"https:\/\/auto-moto-ecole-plein-gaz.com\/","name":"Auto-Moto Ecole Plein Gaz","description":"Auto-Moto Ecole Plein Gaz","publisher":{"@id":"https:\/\/auto-moto-ecole-plein-gaz.com\/#organization"},"potentialAction":[{"@type":"SearchAction","target":{"@type":"EntryPoint","urlTemplate":"https:\/\/auto-moto-ecole-plein-gaz.com\/?s={search_term_string}"},"query-input":"required name=search_term_string"}],"inLanguage":"fr-FR"},{"@type":"Organization","@id":"https:\/\/auto-moto-ecole-plein-gaz.com\/#organization","name":"auto ecole plein gaz","url":"https:\/\/auto-moto-ecole-plein-gaz.com\/","logo":{"@type":"ImageObject","inLanguage":"fr-FR","@id":"https:\/\/auto-moto-ecole-plein-gaz.com\/#\/schema\/logo\/image\/","url":"https:\/\/auto-moto-ecole-plein-gaz.com\/wp-content\/uploads\/2017\/11\/pgfinal.png","contentUrl":"https:\/\/auto-moto-ecole-plein-gaz.com\/wp-content\/uploads\/2017\/11\/pgfinal.png","width":280,"height":153,"caption":"auto ecole plein gaz"},"image":{"@id":"https:\/\/auto-moto-ecole-plein-gaz.com\/#\/schema\/logo\/image\/"}}]}},"_links":{"self":[{"href":"https:\/\/auto-moto-ecole-plein-gaz.com\/index.php\/wp-json\/wp\/v2\/pages\/74"}],"collection":[{"href":"https:\/\/auto-moto-ecole-plein-gaz.com\/index.php\/wp-json\/wp\/v2\/pages"}],"about":[{"href":"https:\/\/auto-moto-ecole-plein-gaz.com\/index.php\/wp-json\/wp\/v2\/types\/page"}],"author":[{"embeddable":true,"href":"https:\/\/auto-moto-ecole-plein-gaz.com\/index.php\/wp-json\/wp\/v2\/users\/3"}],"replies":[{"embeddable":true,"href":"https:\/\/auto-moto-ecole-plein-gaz.com\/index.php\/wp-json\/wp\/v2\/comments?post=74"}],"version-history":[{"count":3,"href":"https:\/\/auto-moto-ecole-plein-gaz.com\/index.php\/wp-json\/wp\/v2\/pages\/74\/revisions"}],"predecessor-version":[{"id":566,"href":"https:\/\/auto-moto-ecole-plein-gaz.com\/index.php\/wp-json\/wp\/v2\/pages\/74\/revisions\/566"}],"wp:attachment":[{"href":"https:\/\/auto-moto-ecole-plein-gaz.com\/index.php\/wp-json\/wp\/v2\/media?parent=74"}],"curies":[{"name":"wp","href":"https:\/\/api.w.org\/{rel}","templated":true}]}}