{"id":696,"date":"2021-01-04T18:47:48","date_gmt":"2021-01-04T17:47:48","guid":{"rendered":"https:\/\/auto-moto-ecole-plein-gaz.com\/?page_id=696"},"modified":"2021-01-04T18:49:49","modified_gmt":"2021-01-04T17:49:49","slug":"pourquoi-une-assurance","status":"publish","type":"page","link":"https:\/\/auto-moto-ecole-plein-gaz.com\/index.php\/pourquoi-une-assurance\/","title":{"rendered":"Pourquoi une assurance ?"},"content":{"rendered":"\n<p><span data-contrast=\"auto\">Pourquoi l\u2019assurance accident est-elle important?<\/span><span data-ccp-props=\"{\">\u00a0<\/span><\/p>\n<p><span data-contrast=\"auto\">Apr\u00e8s un accident, l\u2019assurance couvre le co\u00fbt de gu\u00e9rison et de r\u00e9adaptation.<\/span><span data-ccp-props=\"{\">\u00a0<\/span><\/p>\n<p><span data-contrast=\"auto\">Si apr\u00e8s la fin du traitement m\u00e9dical un handicap persiste, la vie de tous les jours peut repr\u00e9senter un tout nouveau d\u00e9fi.<\/span><span data-ccp-props=\"{\">\u00a0<\/span><\/p>\n<p><span data-contrast=\"auto\">Un escalier que vous ne pouvez plus monter, la cuisini\u00e8re que vous ne pouvez plus utiliser, la grande armoire qui n\u2019est plus accessible.<\/span><span data-ccp-props=\"{\">\u00a0<\/span><\/p>\n<p><span data-contrast=\"auto\">Vous ne pouvez peut-\u00eatre plus conduire de voiture et l\u2019employeur met fin \u00e0 votre relation de travail.<\/span><span data-ccp-props=\"{\">\u00a0<\/span><\/p>\n<p><span data-contrast=\"auto\">Dans cette premi\u00e8re phase de r\u00e9adaptation beaucoup de choses changent.<\/span><span data-ccp-props=\"{\">\u00a0<\/span><\/p>\n<p><span data-contrast=\"auto\">Les co\u00fbts, dans la plupart des cas, sont \u00e9lev\u00e9s (temps de ch\u00f4mage, am\u00e9nagement de la maison, aide \u00e0 domicile, etc.).<\/span><span data-ccp-props=\"{\">\u00a0<\/span><\/p>\n<p><span data-contrast=\"auto\">C\u2019est cet argent qu\u2019une assurance accident vous met \u00e0 disposition.<\/span><span data-ccp-props=\"{\">\u00a0<\/span><\/p>\n<p><span data-contrast=\"auto\">\u00a0L\u2019assurance accident paye, si apr\u00e8s un accident, une d\u00e9ficience permanente du corps ou de l\u2019esprit s\u2019av\u00e8re.<\/span><span data-ccp-props=\"{\">\u00a0<\/span><\/p>\n<p><span data-contrast=\"auto\">\u00a0Nous vous recommandons donc vivement de conclure une assurance incluant le risque du sport motoris\u00e9 (\u00ab\u00a0recherche de vitesse maximale\u00a0\u00bb).<\/span><span data-ccp-props=\"{\">\u00a0<\/span><\/p>\n<p><span data-contrast=\"auto\">\u00a0Avec nous vous pouvez, pour chaque \u00e9v\u00e9nement, conclure une telle assurance accident journali\u00e8re.<\/span><span data-ccp-props=\"{\">\u00a0<\/span><\/p>\n<p><span data-contrast=\"auto\">Elle permet le versement d\u2019un capital de 25000 euros en cas de d\u00e9c\u00e8s ou un capital maximum de 37500 euros en cas d\u2019invalidit\u00e9 permanente partielle avec une franchise relative de 10% et une garantie frais m\u00e9dicaux suite \u00e0 un accident \u00e0 hauteur de 2500 euros, franchise 38 euros <\/span><span data-ccp-props=\"{\">\u00a0<\/span><\/p>\n","protected":false},"excerpt":{"rendered":"<p>Pourquoi l\u2019assurance accident est-elle important?\u00a0 Apr\u00e8s un accident, l\u2019assurance couvre le co\u00fbt de gu\u00e9rison et de r\u00e9adaptation.\u00a0 Si apr\u00e8s la fin du traitement m\u00e9dical un handicap persiste, la vie de [&hellip;]<\/p>\n","protected":false},"author":4,"featured_media":0,"parent":0,"menu_order":0,"comment_status":"closed","ping_status":"closed","template":"","meta":[],"acf":[],"yoast_head":"<!-- This site is optimized with the Yoast SEO plugin v20.4 - https:\/\/yoast.com\/wordpress\/plugins\/seo\/ -->\n<title>Pourquoi une assurance ? - Auto-Moto Ecole Plein Gaz<\/title>\n<meta name=\"robots\" content=\"index, follow, max-snippet:-1, max-image-preview:large, max-video-preview:-1\" \/>\n<link rel=\"canonical\" href=\"https:\/\/auto-moto-ecole-plein-gaz.com\/index.php\/pourquoi-une-assurance\/\" \/>\n<meta property=\"og:locale\" content=\"fr_FR\" \/>\n<meta property=\"og:type\" content=\"article\" \/>\n<meta property=\"og:title\" content=\"Pourquoi une assurance ? - Auto-Moto Ecole Plein Gaz\" \/>\n<meta property=\"og:description\" content=\"Pourquoi l\u2019assurance accident est-elle important?\u00a0 Apr\u00e8s un accident, l\u2019assurance couvre le co\u00fbt de gu\u00e9rison et de r\u00e9adaptation.\u00a0 Si apr\u00e8s la fin du traitement m\u00e9dical un handicap persiste, la vie de [&hellip;]\" \/>\n<meta property=\"og:url\" content=\"https:\/\/auto-moto-ecole-plein-gaz.com\/index.php\/pourquoi-une-assurance\/\" \/>\n<meta property=\"og:site_name\" content=\"Auto-Moto Ecole Plein Gaz\" \/>\n<meta property=\"article:modified_time\" content=\"2021-01-04T17:49:49+00:00\" \/>\n<meta name=\"twitter:card\" content=\"summary_large_image\" \/>\n<meta name=\"twitter:label1\" content=\"Dur\u00e9e de lecture estim\u00e9e\" \/>\n\t<meta name=\"twitter:data1\" content=\"1 minute\" \/>\n<script type=\"application\/ld+json\" class=\"yoast-schema-graph\">{\"@context\":\"https:\/\/schema.org\",\"@graph\":[{\"@type\":\"WebPage\",\"@id\":\"https:\/\/auto-moto-ecole-plein-gaz.com\/index.php\/pourquoi-une-assurance\/\",\"url\":\"https:\/\/auto-moto-ecole-plein-gaz.com\/index.php\/pourquoi-une-assurance\/\",\"name\":\"Pourquoi une assurance ? - Auto-Moto Ecole Plein Gaz\",\"isPartOf\":{\"@id\":\"https:\/\/auto-moto-ecole-plein-gaz.com\/#website\"},\"datePublished\":\"2021-01-04T17:47:48+00:00\",\"dateModified\":\"2021-01-04T17:49:49+00:00\",\"breadcrumb\":{\"@id\":\"https:\/\/auto-moto-ecole-plein-gaz.com\/index.php\/pourquoi-une-assurance\/#breadcrumb\"},\"inLanguage\":\"fr-FR\",\"potentialAction\":[{\"@type\":\"ReadAction\",\"target\":[\"https:\/\/auto-moto-ecole-plein-gaz.com\/index.php\/pourquoi-une-assurance\/\"]}]},{\"@type\":\"BreadcrumbList\",\"@id\":\"https:\/\/auto-moto-ecole-plein-gaz.com\/index.php\/pourquoi-une-assurance\/#breadcrumb\",\"itemListElement\":[{\"@type\":\"ListItem\",\"position\":1,\"name\":\"Home\",\"item\":\"https:\/\/auto-moto-ecole-plein-gaz.com\/\"},{\"@type\":\"ListItem\",\"position\":2,\"name\":\"Pourquoi une assurance ?\"}]},{\"@type\":\"WebSite\",\"@id\":\"https:\/\/auto-moto-ecole-plein-gaz.com\/#website\",\"url\":\"https:\/\/auto-moto-ecole-plein-gaz.com\/\",\"name\":\"Auto-Moto Ecole Plein Gaz\",\"description\":\"Auto-Moto Ecole Plein Gaz\",\"publisher\":{\"@id\":\"https:\/\/auto-moto-ecole-plein-gaz.com\/#organization\"},\"potentialAction\":[{\"@type\":\"SearchAction\",\"target\":{\"@type\":\"EntryPoint\",\"urlTemplate\":\"https:\/\/auto-moto-ecole-plein-gaz.com\/?s={search_term_string}\"},\"query-input\":\"required name=search_term_string\"}],\"inLanguage\":\"fr-FR\"},{\"@type\":\"Organization\",\"@id\":\"https:\/\/auto-moto-ecole-plein-gaz.com\/#organization\",\"name\":\"auto ecole plein gaz\",\"url\":\"https:\/\/auto-moto-ecole-plein-gaz.com\/\",\"logo\":{\"@type\":\"ImageObject\",\"inLanguage\":\"fr-FR\",\"@id\":\"https:\/\/auto-moto-ecole-plein-gaz.com\/#\/schema\/logo\/image\/\",\"url\":\"https:\/\/auto-moto-ecole-plein-gaz.com\/wp-content\/uploads\/2017\/11\/pgfinal.png\",\"contentUrl\":\"https:\/\/auto-moto-ecole-plein-gaz.com\/wp-content\/uploads\/2017\/11\/pgfinal.png\",\"width\":280,\"height\":153,\"caption\":\"auto ecole plein gaz\"},\"image\":{\"@id\":\"https:\/\/auto-moto-ecole-plein-gaz.com\/#\/schema\/logo\/image\/\"}}]}<\/script>\n<!-- \/ Yoast SEO plugin. -->","yoast_head_json":{"title":"Pourquoi une assurance ? - Auto-Moto Ecole Plein Gaz","robots":{"index":"index","follow":"follow","max-snippet":"max-snippet:-1","max-image-preview":"max-image-preview:large","max-video-preview":"max-video-preview:-1"},"canonical":"https:\/\/auto-moto-ecole-plein-gaz.com\/index.php\/pourquoi-une-assurance\/","og_locale":"fr_FR","og_type":"article","og_title":"Pourquoi une assurance ? - Auto-Moto Ecole Plein Gaz","og_description":"Pourquoi l\u2019assurance accident est-elle important?\u00a0 Apr\u00e8s un accident, l\u2019assurance couvre le co\u00fbt de gu\u00e9rison et de r\u00e9adaptation.\u00a0 Si apr\u00e8s la fin du traitement m\u00e9dical un handicap persiste, la vie de [&hellip;]","og_url":"https:\/\/auto-moto-ecole-plein-gaz.com\/index.php\/pourquoi-une-assurance\/","og_site_name":"Auto-Moto Ecole Plein Gaz","article_modified_time":"2021-01-04T17:49:49+00:00","twitter_card":"summary_large_image","twitter_misc":{"Dur\u00e9e de lecture estim\u00e9e":"1 minute"},"schema":{"@context":"https:\/\/schema.org","@graph":[{"@type":"WebPage","@id":"https:\/\/auto-moto-ecole-plein-gaz.com\/index.php\/pourquoi-une-assurance\/","url":"https:\/\/auto-moto-ecole-plein-gaz.com\/index.php\/pourquoi-une-assurance\/","name":"Pourquoi une assurance ? - Auto-Moto Ecole Plein Gaz","isPartOf":{"@id":"https:\/\/auto-moto-ecole-plein-gaz.com\/#website"},"datePublished":"2021-01-04T17:47:48+00:00","dateModified":"2021-01-04T17:49:49+00:00","breadcrumb":{"@id":"https:\/\/auto-moto-ecole-plein-gaz.com\/index.php\/pourquoi-une-assurance\/#breadcrumb"},"inLanguage":"fr-FR","potentialAction":[{"@type":"ReadAction","target":["https:\/\/auto-moto-ecole-plein-gaz.com\/index.php\/pourquoi-une-assurance\/"]}]},{"@type":"BreadcrumbList","@id":"https:\/\/auto-moto-ecole-plein-gaz.com\/index.php\/pourquoi-une-assurance\/#breadcrumb","itemListElement":[{"@type":"ListItem","position":1,"name":"Home","item":"https:\/\/auto-moto-ecole-plein-gaz.com\/"},{"@type":"ListItem","position":2,"name":"Pourquoi une assurance ?"}]},{"@type":"WebSite","@id":"https:\/\/auto-moto-ecole-plein-gaz.com\/#website","url":"https:\/\/auto-moto-ecole-plein-gaz.com\/","name":"Auto-Moto Ecole Plein Gaz","description":"Auto-Moto Ecole Plein Gaz","publisher":{"@id":"https:\/\/auto-moto-ecole-plein-gaz.com\/#organization"},"potentialAction":[{"@type":"SearchAction","target":{"@type":"EntryPoint","urlTemplate":"https:\/\/auto-moto-ecole-plein-gaz.com\/?s={search_term_string}"},"query-input":"required name=search_term_string"}],"inLanguage":"fr-FR"},{"@type":"Organization","@id":"https:\/\/auto-moto-ecole-plein-gaz.com\/#organization","name":"auto ecole plein gaz","url":"https:\/\/auto-moto-ecole-plein-gaz.com\/","logo":{"@type":"ImageObject","inLanguage":"fr-FR","@id":"https:\/\/auto-moto-ecole-plein-gaz.com\/#\/schema\/logo\/image\/","url":"https:\/\/auto-moto-ecole-plein-gaz.com\/wp-content\/uploads\/2017\/11\/pgfinal.png","contentUrl":"https:\/\/auto-moto-ecole-plein-gaz.com\/wp-content\/uploads\/2017\/11\/pgfinal.png","width":280,"height":153,"caption":"auto ecole plein gaz"},"image":{"@id":"https:\/\/auto-moto-ecole-plein-gaz.com\/#\/schema\/logo\/image\/"}}]}},"_links":{"self":[{"href":"https:\/\/auto-moto-ecole-plein-gaz.com\/index.php\/wp-json\/wp\/v2\/pages\/696"}],"collection":[{"href":"https:\/\/auto-moto-ecole-plein-gaz.com\/index.php\/wp-json\/wp\/v2\/pages"}],"about":[{"href":"https:\/\/auto-moto-ecole-plein-gaz.com\/index.php\/wp-json\/wp\/v2\/types\/page"}],"author":[{"embeddable":true,"href":"https:\/\/auto-moto-ecole-plein-gaz.com\/index.php\/wp-json\/wp\/v2\/users\/4"}],"replies":[{"embeddable":true,"href":"https:\/\/auto-moto-ecole-plein-gaz.com\/index.php\/wp-json\/wp\/v2\/comments?post=696"}],"version-history":[{"count":2,"href":"https:\/\/auto-moto-ecole-plein-gaz.com\/index.php\/wp-json\/wp\/v2\/pages\/696\/revisions"}],"predecessor-version":[{"id":701,"href":"https:\/\/auto-moto-ecole-plein-gaz.com\/index.php\/wp-json\/wp\/v2\/pages\/696\/revisions\/701"}],"wp:attachment":[{"href":"https:\/\/auto-moto-ecole-plein-gaz.com\/index.php\/wp-json\/wp\/v2\/media?parent=696"}],"curies":[{"name":"wp","href":"https:\/\/api.w.org\/{rel}","templated":true}]}}