{"id":688,"date":"2020-12-16T11:51:06","date_gmt":"2020-12-16T10:51:06","guid":{"rendered":"https:\/\/auto-moto-ecole-plein-gaz.com\/?page_id=688"},"modified":"2020-12-16T11:53:06","modified_gmt":"2020-12-16T10:53:06","slug":"comment-poser-le-genou-2","status":"publish","type":"page","link":"https:\/\/auto-moto-ecole-plein-gaz.com\/index.php\/comment-poser-le-genou-2\/","title":{"rendered":"Comment poser le genou"},"content":{"rendered":"\n<div class=\"post-thumb-outer\">\n<div class=\"post-thumb desert-holder is-image\"><a title=\"Comment poser le genou\" href=\"https:\/\/www.icasque.com\/liveloveride\/wp-content\/uploads\/2018\/06\/4-c\u0327a-touche.jpg\" rel=\"bookmark\"><img decoding=\"async\" loading=\"lazy\" class=\"lazyloaded\" src=\"https:\/\/www.icasque.com\/liveloveride\/wp-content\/uploads\/2018\/06\/4-c\u0327a-touche.jpg\" alt=\"4-c\u0327a-touche\" width=\"1800\" height=\"1200\" data-ll-status=\"loaded\" \/><\/a><\/div>\n<\/div>\n<div class=\"entry\">\n<p>Poser le genou et user ses sliders c\u2019est un peu le r\u00eave de tout pistard\/motard !<\/p>\n<p>Il faut dire aussi que pour charrier tes potes qui n\u2019osent pas pencher, c\u2019est quand m\u00eame le top ! Alors aujourd\u2019hui je vais essayer de te donner le max de conseils pour y arriver dans les meilleurs conditions possibles.<\/p>\n<p>\u00a0<\/p>\n<p>Tout d\u2019abord, mon premier conseil est de ne JAMAIS s\u2019entra\u00eener \u00e0 cela sur route m\u00eame si c\u2019est tentant. Cela implique de prendre trop de risques en cas de chute, dans un environnement non s\u00e9curitaire (foss\u00e9s, autres v\u00e9hicules, arbres, glissi\u00e8res\u2026).<\/p>\n<p>Ensuite poser le genou au sol c\u2019est avant tout un dosage entre ta position et l\u2019angle de ta moto. Tu ne peux pas envisager de poser le genou par terre tant que tu n\u2019as pas la bonne position sur la moto ! C\u2019est ce qu\u2019on va aborder en tout premier ! Et pour travailler \u00e7a, entraine toi \u00e0 l\u2019arr\u00eat sur ta moto b\u00e9quill\u00e9e.<\/p>\n<p><strong>La position sur ta moto sur piste<\/strong><\/p>\n<p>Elle est tr\u00e8s diff\u00e9rente de celle sur la route, o\u00f9 il faut \u00eatre pr\u00e8s de son r\u00e9servoir et serrer les genoux\u2026<\/p>\n<p>Ici, la premi\u00e8re chose \u00e0 faire est de <strong>te reculer sur la selle<\/strong> de ta moto. Laisse environ une largeur de main entre toi et le r\u00e9servoir. Si tu es coll\u00e9 \u00e0 celui ci tu seras bloqu\u00e9 pour bouger correctement sur ta moto \u00e0 droite et \u00e0 gauche.<\/p>\n<p><img decoding=\"async\" loading=\"lazy\" class=\"alignnone size-large wp-image-6219 lazyloaded\" src=\"https:\/\/www.icasque.com\/liveloveride\/wp-content\/uploads\/2018\/06\/1-on-sort-la-fesse-1024x683.jpg\" sizes=\"(max-width: 1024px) 100vw, 1024px\" srcset=\"https:\/\/www.icasque.com\/liveloveride\/wp-content\/uploads\/2018\/06\/1-on-sort-la-fesse-1024x683.jpg 1024w, https:\/\/www.icasque.com\/liveloveride\/wp-content\/uploads\/2018\/06\/1-on-sort-la-fesse-300x200.jpg 300w, https:\/\/www.icasque.com\/liveloveride\/wp-content\/uploads\/2018\/06\/1-on-sort-la-fesse-768x512.jpg 768w, https:\/\/www.icasque.com\/liveloveride\/wp-content\/uploads\/2018\/06\/1-on-sort-la-fesse-320x213.jpg 320w, https:\/\/www.icasque.com\/liveloveride\/wp-content\/uploads\/2018\/06\/1-on-sort-la-fesse.jpg 1800w\" alt=\"\" width=\"1024\" height=\"683\" data-ll-status=\"loaded\" \/><\/p>\n<p>Ensuite <strong>penche ton buste un peu en avant et d\u00e9tend tes bras<\/strong>. \u00e7a c\u2019est TRES important ! Sur piste, la moto se conduit avec les jambes et non avec les bras, qui sont l\u00e0, pos\u00e9s sur le guidon surtout pour toucher aux commandes de frein, embrayage et acc\u00e9l\u00e9rateur. C\u2019est un peu difficile \u00e0 comprendre au d\u00e9part mais apr\u00e8s quelques sessions en travaillant sa position on comprend mieux le principe.<\/p>\n<p><img decoding=\"async\" loading=\"lazy\" class=\"alignnone wp-image-6220 size-large lazyloaded\" src=\"https:\/\/www.icasque.com\/liveloveride\/wp-content\/uploads\/2018\/06\/2-on-exagere-la-position-1024x683.jpg\" sizes=\"(max-width: 1024px) 100vw, 1024px\" srcset=\"https:\/\/www.icasque.com\/liveloveride\/wp-content\/uploads\/2018\/06\/2-on-exagere-la-position-1024x683.jpg 1024w, https:\/\/www.icasque.com\/liveloveride\/wp-content\/uploads\/2018\/06\/2-on-exagere-la-position-300x200.jpg 300w, https:\/\/www.icasque.com\/liveloveride\/wp-content\/uploads\/2018\/06\/2-on-exagere-la-position-768x512.jpg 768w, https:\/\/www.icasque.com\/liveloveride\/wp-content\/uploads\/2018\/06\/2-on-exagere-la-position-320x213.jpg 320w, https:\/\/www.icasque.com\/liveloveride\/wp-content\/uploads\/2018\/06\/2-on-exagere-la-position.jpg 1800w\" alt=\"\" width=\"1024\" height=\"683\" data-ll-status=\"loaded\" \/><\/p>\n<p>Sur les cales pieds, <strong>positionne tes pieds<\/strong> plut\u00f4t sur la pointe afin de ne pas laisser d\u00e9passer trop tes bottes, auquel cas c\u2019est elles qui vont toucher le bitume avant tes genoux !<\/p>\n<p><img decoding=\"async\" loading=\"lazy\" class=\"alignnone wp-image-6221 size-large lazyloaded\" src=\"https:\/\/www.icasque.com\/liveloveride\/wp-content\/uploads\/2018\/06\/2b-on-decale-aussi-le-haut-du-corps-1024x683.jpg\" sizes=\"(max-width: 1024px) 100vw, 1024px\" srcset=\"https:\/\/www.icasque.com\/liveloveride\/wp-content\/uploads\/2018\/06\/2b-on-decale-aussi-le-haut-du-corps-1024x683.jpg 1024w, https:\/\/www.icasque.com\/liveloveride\/wp-content\/uploads\/2018\/06\/2b-on-decale-aussi-le-haut-du-corps-300x200.jpg 300w, https:\/\/www.icasque.com\/liveloveride\/wp-content\/uploads\/2018\/06\/2b-on-decale-aussi-le-haut-du-corps-768x512.jpg 768w, https:\/\/www.icasque.com\/liveloveride\/wp-content\/uploads\/2018\/06\/2b-on-decale-aussi-le-haut-du-corps-320x213.jpg 320w, https:\/\/www.icasque.com\/liveloveride\/wp-content\/uploads\/2018\/06\/2b-on-decale-aussi-le-haut-du-corps.jpg 1800w\" alt=\"\" width=\"1024\" height=\"683\" data-ll-status=\"loaded\" \/><\/p>\n<p>Enfin, AVANT d\u2019arriver sur le virage (une fois qu\u2019on est dans le virage c\u2019est trop tard pour bouger sur la selle de sa moto), <strong>d\u00e9cale et sort une fesse de ta selle<\/strong> du c\u00f4t\u00e9 du virage. Cela te permettra de te <strong>d\u00e9hancher<\/strong> pendant le virage et bien s\u00fbr, au moment o\u00f9 tu entres dans le virage, d\u2019<strong>\u00e9carter le genou int\u00e9rieur<\/strong>.<\/p>\n<p><img decoding=\"async\" loading=\"lazy\" class=\"alignnone size-large wp-image-6222 lazyloaded\" src=\"https:\/\/www.icasque.com\/liveloveride\/wp-content\/uploads\/2018\/06\/3-on-penche-de-plus-en-plus-1024x683.jpg\" sizes=\"(max-width: 1024px) 100vw, 1024px\" srcset=\"https:\/\/www.icasque.com\/liveloveride\/wp-content\/uploads\/2018\/06\/3-on-penche-de-plus-en-plus-1024x683.jpg 1024w, https:\/\/www.icasque.com\/liveloveride\/wp-content\/uploads\/2018\/06\/3-on-penche-de-plus-en-plus-300x200.jpg 300w, https:\/\/www.icasque.com\/liveloveride\/wp-content\/uploads\/2018\/06\/3-on-penche-de-plus-en-plus-768x512.jpg 768w, https:\/\/www.icasque.com\/liveloveride\/wp-content\/uploads\/2018\/06\/3-on-penche-de-plus-en-plus-320x213.jpg 320w, https:\/\/www.icasque.com\/liveloveride\/wp-content\/uploads\/2018\/06\/3-on-penche-de-plus-en-plus.jpg 1800w\" alt=\"\" width=\"1024\" height=\"683\" data-ll-status=\"loaded\" \/><\/p>\n<p>Alors c\u2019est physique tous ces changements d\u2019angles et de positions non ? On ne pourra plus dire que la moto n\u2019est pas vraiment un sport\u2026. N\u2019h\u00e9site pas \u00e0 exag\u00e9rer un peu le d\u00e9hanch\u00e9 au d\u00e9but car entre ce qu\u2019on pense d\u00e9hancher et ce qu\u2019on fait vraiment, il y a un monde <img decoding=\"async\" class=\"emoji\" role=\"img\" draggable=\"false\" src=\"https:\/\/s.w.org\/images\/core\/emoji\/13.0.1\/svg\/1f642.svg\" alt=\"\ud83d\ude42\" \/><\/p>\n<p><strong>L\u2019angle de ta moto<\/strong><\/p>\n<p>Maintenant que tu ma\u00eetrises les bases de la position id\u00e9ale sur piste, la 2\u00e8me \u00e9tape c\u2019est de mettre de l\u2019angle \u00e0 ta moto jusqu\u2019\u00e0 ce que ton genou frotte par terre. Et pour pencher plus, il n\u2019y a pas 36 solutions, il faut passer avec plus de vitesse dans tes virages.<\/p>\n<p><img decoding=\"async\" loading=\"lazy\" class=\"alignnone size-large wp-image-6223 lazyloaded\" src=\"https:\/\/www.icasque.com\/liveloveride\/wp-content\/uploads\/2018\/06\/4-c\u0327a-touche-1024x683.jpg\" sizes=\"(max-width: 1024px) 100vw, 1024px\" srcset=\"https:\/\/www.icasque.com\/liveloveride\/wp-content\/uploads\/2018\/06\/4-c\u0327a-touche-1024x683.jpg 1024w, https:\/\/www.icasque.com\/liveloveride\/wp-content\/uploads\/2018\/06\/4-c\u0327a-touche-300x200.jpg 300w, https:\/\/www.icasque.com\/liveloveride\/wp-content\/uploads\/2018\/06\/4-c\u0327a-touche-768x512.jpg 768w, https:\/\/www.icasque.com\/liveloveride\/wp-content\/uploads\/2018\/06\/4-c\u0327a-touche-320x213.jpg 320w, https:\/\/www.icasque.com\/liveloveride\/wp-content\/uploads\/2018\/06\/4-c\u0327a-touche.jpg 1800w\" alt=\"\" width=\"1024\" height=\"683\" data-ll-status=\"loaded\" \/><\/p>\n<p>Pas la peine d\u2019essayer de poser le genou dans tous les virages au d\u00e9but, certains sont moins propices \u00e0 l\u2019exercice que d\u2019autres. Choisi un ou 2 virages sur le circuit o\u00f9 tu vas pouvoir te concentrer sur \u00e7a.<\/p>\n<p><img decoding=\"async\" loading=\"lazy\" class=\"alignnone size-large wp-image-6224 lazyloaded\" src=\"https:\/\/www.icasque.com\/liveloveride\/wp-content\/uploads\/2018\/06\/5-a-gauche-1024x683.jpg\" sizes=\"(max-width: 1024px) 100vw, 1024px\" srcset=\"https:\/\/www.icasque.com\/liveloveride\/wp-content\/uploads\/2018\/06\/5-a-gauche-1024x683.jpg 1024w, https:\/\/www.icasque.com\/liveloveride\/wp-content\/uploads\/2018\/06\/5-a-gauche-300x200.jpg 300w, https:\/\/www.icasque.com\/liveloveride\/wp-content\/uploads\/2018\/06\/5-a-gauche-768x512.jpg 768w, https:\/\/www.icasque.com\/liveloveride\/wp-content\/uploads\/2018\/06\/5-a-gauche-320x213.jpg 320w, https:\/\/www.icasque.com\/liveloveride\/wp-content\/uploads\/2018\/06\/5-a-gauche.jpg 1800w\" alt=\"\" width=\"1024\" height=\"683\" data-ll-status=\"loaded\" \/><\/p>\n<p>Nous avons tous un c\u00f4t\u00e9 (droite ou gauche) ou nous sommes plus \u00e0 l\u2019aise en moto, alors met toutes les chances de ton cot\u00e9, choisi un virage du c\u00f4t\u00e9 o\u00f9 tu es le plus \u00e0 l\u2019aise !<\/p>\n<p><img decoding=\"async\" loading=\"lazy\" class=\"alignnone size-large wp-image-6225 lazyloaded\" src=\"https:\/\/www.icasque.com\/liveloveride\/wp-content\/uploads\/2018\/06\/6-et-a-droite-1024x682.jpg\" sizes=\"(max-width: 1024px) 100vw, 1024px\" srcset=\"https:\/\/www.icasque.com\/liveloveride\/wp-content\/uploads\/2018\/06\/6-et-a-droite-1024x682.jpg 1024w, https:\/\/www.icasque.com\/liveloveride\/wp-content\/uploads\/2018\/06\/6-et-a-droite-300x200.jpg 300w, https:\/\/www.icasque.com\/liveloveride\/wp-content\/uploads\/2018\/06\/6-et-a-droite-768x511.jpg 768w, https:\/\/www.icasque.com\/liveloveride\/wp-content\/uploads\/2018\/06\/6-et-a-droite-320x213.jpg 320w, https:\/\/www.icasque.com\/liveloveride\/wp-content\/uploads\/2018\/06\/6-et-a-droite.jpg 2048w\" alt=\"\" width=\"1024\" height=\"682\" data-ll-status=\"loaded\" \/><\/p>\n<p>Il faut que le virage ne soit pas trop large et \u00e0 courbure constante (voire qui referme un peu sur la fin). Applique toi \u00e0 chaque passage \u00e0 arriver un peu plus vite, freiner un peu moins fort et prend des points de rep\u00e8re.<br \/>Pense \u00e0 bien lever les yeux et \u00e0 regarder la sortie de ton virage, \u00e7a t\u2019aidera \u00e0 ajuster ta vitesse en entr\u00e9e de virage.<\/p>\n<p>Tu verras que ton genou finira par frotter tout naturellement. La premi\u00e8re fois, le bruit et la sensation pourront te surprendre et tu vas redresser la moto instinctivement <img decoding=\"async\" class=\"emoji\" role=\"img\" draggable=\"false\" src=\"https:\/\/s.w.org\/images\/core\/emoji\/13.0.1\/svg\/1f609.svg\" alt=\"\ud83d\ude09\" \/><\/p>\n<p>Si c\u2019est ta botte ou ton cale pied qui frottent c\u2019est qu\u2019il faut d\u00e9hancher un peu plus !<\/p>\n<p>Chrrrrrrrr, f\u00e9licitations, tu y es, la classe !<\/p>\n<p><img decoding=\"async\" loading=\"lazy\" class=\"alignnone size-full wp-image-6226 lazyloaded\" src=\"https:\/\/www.icasque.com\/liveloveride\/wp-content\/uploads\/2018\/06\/quand-tu-donnes-tout.jpg\" sizes=\"(max-width: 745px) 100vw, 745px\" srcset=\"https:\/\/www.icasque.com\/liveloveride\/wp-content\/uploads\/2018\/06\/quand-tu-donnes-tout.jpg 745w, https:\/\/www.icasque.com\/liveloveride\/wp-content\/uploads\/2018\/06\/quand-tu-donnes-tout-300x297.jpg 300w, https:\/\/www.icasque.com\/liveloveride\/wp-content\/uploads\/2018\/06\/quand-tu-donnes-tout-320x317.jpg 320w, https:\/\/www.icasque.com\/liveloveride\/wp-content\/uploads\/2018\/06\/quand-tu-donnes-tout-70x70.jpg 70w\" alt=\"\" width=\"745\" height=\"737\" data-ll-status=\"loaded\" \/><\/p>\n<p>Pour travailler tes r\u00e9flexes de positions, il est important de faire des sessions moins rapides que d\u2019habitude pour prendre le temps d\u2019assimiler les choses. On ne peut pas \u00e0 la fois aller vite et travailler un point technique en particulier\u2026<\/p>\n<p>Attention, prend toujours le temps de bien chauffer tes pneus au d\u00e9but de chaque session (au moins 2 tours \u00e0 bon rythme).<\/p>\n<p>Vouloir pencher trop ta moto et prendre trop d\u2019angle sans avoir la bonne position c\u2019est prendre des risques de glisser car tes pneus vont finir par d\u00e9crocher.<\/p>\n<p>Au contraire, vouloir exag\u00e9rer ta position sans avoir la bonne vitesse et c\u2019est \u00e0 \u00e7a que tu ressembleras :<\/p>\n<p>Sache que si certains parviennent \u00e0 poser le genou d\u00e8s la premi\u00e8re journ\u00e9e piste c\u2019est loin d\u2019\u00eatre le cas de tout le monde et il m\u2019a fallu personnellement 4 ou 5 journ\u00e9es pour y arriver sereinement ! Soit patient, \u00e7a va finir par payer et tu verras comme tu auras le smile dans ton casque \u00e0 ce moment l\u00e0 !<\/p>\n<p>Si tu peux te faire filmer ou photographier, c\u2019est un excellent moyen de v\u00e9rifier ta position sur ta moto et de r\u00e9ajuster si besoin, et \u00e9videmment d\u2019avoir une preuve en image de ton pos\u00e9 de genou ! Fini les accusations d\u2019avoir lim\u00e9 ou pr\u00eat\u00e9 tes sliders !<\/p>\n<p><img decoding=\"async\" loading=\"lazy\" class=\"alignnone size-large wp-image-6227 lazyloaded\" src=\"https:\/\/www.icasque.com\/liveloveride\/wp-content\/uploads\/2018\/06\/sliders-1024x575.jpg\" sizes=\"(max-width: 1024px) 100vw, 1024px\" srcset=\"https:\/\/www.icasque.com\/liveloveride\/wp-content\/uploads\/2018\/06\/sliders-1024x575.jpg 1024w, https:\/\/www.icasque.com\/liveloveride\/wp-content\/uploads\/2018\/06\/sliders-300x169.jpg 300w, https:\/\/www.icasque.com\/liveloveride\/wp-content\/uploads\/2018\/06\/sliders-768x431.jpg 768w, https:\/\/www.icasque.com\/liveloveride\/wp-content\/uploads\/2018\/06\/sliders-320x180.jpg 320w, https:\/\/www.icasque.com\/liveloveride\/wp-content\/uploads\/2018\/06\/sliders.jpg 1800w\" alt=\"\" width=\"1024\" height=\"575\" data-ll-status=\"loaded\" \/><\/p>\n<p>Il n\u2019y a plus qu\u2019\u00e0 mettre \u00e7a en pratique !<\/p>\n<\/div>\n","protected":false},"excerpt":{"rendered":"<p>Poser le genou et user ses sliders c\u2019est un peu le r\u00eave de tout pistard\/motard ! Il faut dire aussi que pour charrier tes potes qui n\u2019osent pas pencher, c\u2019est [&hellip;]<\/p>\n","protected":false},"author":4,"featured_media":0,"parent":0,"menu_order":0,"comment_status":"closed","ping_status":"closed","template":"","meta":[],"acf":[],"yoast_head":"<!-- This site is optimized with the Yoast SEO plugin v20.4 - https:\/\/yoast.com\/wordpress\/plugins\/seo\/ -->\n<title>Comment poser le genou - Auto-Moto Ecole Plein Gaz<\/title>\n<meta name=\"robots\" content=\"index, follow, max-snippet:-1, max-image-preview:large, max-video-preview:-1\" \/>\n<link rel=\"canonical\" href=\"https:\/\/auto-moto-ecole-plein-gaz.com\/index.php\/comment-poser-le-genou-2\/\" \/>\n<meta property=\"og:locale\" content=\"fr_FR\" \/>\n<meta property=\"og:type\" content=\"article\" \/>\n<meta property=\"og:title\" content=\"Comment poser le genou - Auto-Moto Ecole Plein Gaz\" \/>\n<meta property=\"og:description\" content=\"Poser le genou et user ses sliders c\u2019est un peu le r\u00eave de tout pistard\/motard ! Il faut dire aussi que pour charrier tes potes qui n\u2019osent pas pencher, c\u2019est [&hellip;]\" \/>\n<meta property=\"og:url\" content=\"https:\/\/auto-moto-ecole-plein-gaz.com\/index.php\/comment-poser-le-genou-2\/\" \/>\n<meta property=\"og:site_name\" content=\"Auto-Moto Ecole Plein Gaz\" \/>\n<meta property=\"article:modified_time\" content=\"2020-12-16T10:53:06+00:00\" \/>\n<meta property=\"og:image\" content=\"https:\/\/www.icasque.com\/liveloveride\/wp-content\/uploads\/2018\/06\/4-c\u0327a-touche.jpg\" \/>\n<meta name=\"twitter:card\" content=\"summary_large_image\" \/>\n<meta name=\"twitter:label1\" content=\"Dur\u00e9e de lecture estim\u00e9e\" \/>\n\t<meta name=\"twitter:data1\" content=\"5 minutes\" \/>\n<script type=\"application\/ld+json\" class=\"yoast-schema-graph\">{\"@context\":\"https:\/\/schema.org\",\"@graph\":[{\"@type\":\"WebPage\",\"@id\":\"https:\/\/auto-moto-ecole-plein-gaz.com\/index.php\/comment-poser-le-genou-2\/\",\"url\":\"https:\/\/auto-moto-ecole-plein-gaz.com\/index.php\/comment-poser-le-genou-2\/\",\"name\":\"Comment poser le genou - Auto-Moto Ecole Plein Gaz\",\"isPartOf\":{\"@id\":\"https:\/\/auto-moto-ecole-plein-gaz.com\/#website\"},\"datePublished\":\"2020-12-16T10:51:06+00:00\",\"dateModified\":\"2020-12-16T10:53:06+00:00\",\"breadcrumb\":{\"@id\":\"https:\/\/auto-moto-ecole-plein-gaz.com\/index.php\/comment-poser-le-genou-2\/#breadcrumb\"},\"inLanguage\":\"fr-FR\",\"potentialAction\":[{\"@type\":\"ReadAction\",\"target\":[\"https:\/\/auto-moto-ecole-plein-gaz.com\/index.php\/comment-poser-le-genou-2\/\"]}]},{\"@type\":\"BreadcrumbList\",\"@id\":\"https:\/\/auto-moto-ecole-plein-gaz.com\/index.php\/comment-poser-le-genou-2\/#breadcrumb\",\"itemListElement\":[{\"@type\":\"ListItem\",\"position\":1,\"name\":\"Home\",\"item\":\"https:\/\/auto-moto-ecole-plein-gaz.com\/\"},{\"@type\":\"ListItem\",\"position\":2,\"name\":\"Comment poser le genou\"}]},{\"@type\":\"WebSite\",\"@id\":\"https:\/\/auto-moto-ecole-plein-gaz.com\/#website\",\"url\":\"https:\/\/auto-moto-ecole-plein-gaz.com\/\",\"name\":\"Auto-Moto Ecole Plein Gaz\",\"description\":\"Auto-Moto Ecole Plein Gaz\",\"publisher\":{\"@id\":\"https:\/\/auto-moto-ecole-plein-gaz.com\/#organization\"},\"potentialAction\":[{\"@type\":\"SearchAction\",\"target\":{\"@type\":\"EntryPoint\",\"urlTemplate\":\"https:\/\/auto-moto-ecole-plein-gaz.com\/?s={search_term_string}\"},\"query-input\":\"required name=search_term_string\"}],\"inLanguage\":\"fr-FR\"},{\"@type\":\"Organization\",\"@id\":\"https:\/\/auto-moto-ecole-plein-gaz.com\/#organization\",\"name\":\"auto ecole plein gaz\",\"url\":\"https:\/\/auto-moto-ecole-plein-gaz.com\/\",\"logo\":{\"@type\":\"ImageObject\",\"inLanguage\":\"fr-FR\",\"@id\":\"https:\/\/auto-moto-ecole-plein-gaz.com\/#\/schema\/logo\/image\/\",\"url\":\"https:\/\/auto-moto-ecole-plein-gaz.com\/wp-content\/uploads\/2017\/11\/pgfinal.png\",\"contentUrl\":\"https:\/\/auto-moto-ecole-plein-gaz.com\/wp-content\/uploads\/2017\/11\/pgfinal.png\",\"width\":280,\"height\":153,\"caption\":\"auto ecole plein gaz\"},\"image\":{\"@id\":\"https:\/\/auto-moto-ecole-plein-gaz.com\/#\/schema\/logo\/image\/\"}}]}<\/script>\n<!-- \/ Yoast SEO plugin. -->","yoast_head_json":{"title":"Comment poser le genou - Auto-Moto Ecole Plein Gaz","robots":{"index":"index","follow":"follow","max-snippet":"max-snippet:-1","max-image-preview":"max-image-preview:large","max-video-preview":"max-video-preview:-1"},"canonical":"https:\/\/auto-moto-ecole-plein-gaz.com\/index.php\/comment-poser-le-genou-2\/","og_locale":"fr_FR","og_type":"article","og_title":"Comment poser le genou - Auto-Moto Ecole Plein Gaz","og_description":"Poser le genou et user ses sliders c\u2019est un peu le r\u00eave de tout pistard\/motard ! Il faut dire aussi que pour charrier tes potes qui n\u2019osent pas pencher, c\u2019est [&hellip;]","og_url":"https:\/\/auto-moto-ecole-plein-gaz.com\/index.php\/comment-poser-le-genou-2\/","og_site_name":"Auto-Moto Ecole Plein Gaz","article_modified_time":"2020-12-16T10:53:06+00:00","og_image":[{"url":"https:\/\/www.icasque.com\/liveloveride\/wp-content\/uploads\/2018\/06\/4-c\u0327a-touche.jpg"}],"twitter_card":"summary_large_image","twitter_misc":{"Dur\u00e9e de lecture estim\u00e9e":"5 minutes"},"schema":{"@context":"https:\/\/schema.org","@graph":[{"@type":"WebPage","@id":"https:\/\/auto-moto-ecole-plein-gaz.com\/index.php\/comment-poser-le-genou-2\/","url":"https:\/\/auto-moto-ecole-plein-gaz.com\/index.php\/comment-poser-le-genou-2\/","name":"Comment poser le genou - Auto-Moto Ecole Plein Gaz","isPartOf":{"@id":"https:\/\/auto-moto-ecole-plein-gaz.com\/#website"},"datePublished":"2020-12-16T10:51:06+00:00","dateModified":"2020-12-16T10:53:06+00:00","breadcrumb":{"@id":"https:\/\/auto-moto-ecole-plein-gaz.com\/index.php\/comment-poser-le-genou-2\/#breadcrumb"},"inLanguage":"fr-FR","potentialAction":[{"@type":"ReadAction","target":["https:\/\/auto-moto-ecole-plein-gaz.com\/index.php\/comment-poser-le-genou-2\/"]}]},{"@type":"BreadcrumbList","@id":"https:\/\/auto-moto-ecole-plein-gaz.com\/index.php\/comment-poser-le-genou-2\/#breadcrumb","itemListElement":[{"@type":"ListItem","position":1,"name":"Home","item":"https:\/\/auto-moto-ecole-plein-gaz.com\/"},{"@type":"ListItem","position":2,"name":"Comment poser le genou"}]},{"@type":"WebSite","@id":"https:\/\/auto-moto-ecole-plein-gaz.com\/#website","url":"https:\/\/auto-moto-ecole-plein-gaz.com\/","name":"Auto-Moto Ecole Plein Gaz","description":"Auto-Moto Ecole Plein Gaz","publisher":{"@id":"https:\/\/auto-moto-ecole-plein-gaz.com\/#organization"},"potentialAction":[{"@type":"SearchAction","target":{"@type":"EntryPoint","urlTemplate":"https:\/\/auto-moto-ecole-plein-gaz.com\/?s={search_term_string}"},"query-input":"required name=search_term_string"}],"inLanguage":"fr-FR"},{"@type":"Organization","@id":"https:\/\/auto-moto-ecole-plein-gaz.com\/#organization","name":"auto ecole plein gaz","url":"https:\/\/auto-moto-ecole-plein-gaz.com\/","logo":{"@type":"ImageObject","inLanguage":"fr-FR","@id":"https:\/\/auto-moto-ecole-plein-gaz.com\/#\/schema\/logo\/image\/","url":"https:\/\/auto-moto-ecole-plein-gaz.com\/wp-content\/uploads\/2017\/11\/pgfinal.png","contentUrl":"https:\/\/auto-moto-ecole-plein-gaz.com\/wp-content\/uploads\/2017\/11\/pgfinal.png","width":280,"height":153,"caption":"auto ecole plein gaz"},"image":{"@id":"https:\/\/auto-moto-ecole-plein-gaz.com\/#\/schema\/logo\/image\/"}}]}},"_links":{"self":[{"href":"https:\/\/auto-moto-ecole-plein-gaz.com\/index.php\/wp-json\/wp\/v2\/pages\/688"}],"collection":[{"href":"https:\/\/auto-moto-ecole-plein-gaz.com\/index.php\/wp-json\/wp\/v2\/pages"}],"about":[{"href":"https:\/\/auto-moto-ecole-plein-gaz.com\/index.php\/wp-json\/wp\/v2\/types\/page"}],"author":[{"embeddable":true,"href":"https:\/\/auto-moto-ecole-plein-gaz.com\/index.php\/wp-json\/wp\/v2\/users\/4"}],"replies":[{"embeddable":true,"href":"https:\/\/auto-moto-ecole-plein-gaz.com\/index.php\/wp-json\/wp\/v2\/comments?post=688"}],"version-history":[{"count":2,"href":"https:\/\/auto-moto-ecole-plein-gaz.com\/index.php\/wp-json\/wp\/v2\/pages\/688\/revisions"}],"predecessor-version":[{"id":693,"href":"https:\/\/auto-moto-ecole-plein-gaz.com\/index.php\/wp-json\/wp\/v2\/pages\/688\/revisions\/693"}],"wp:attachment":[{"href":"https:\/\/auto-moto-ecole-plein-gaz.com\/index.php\/wp-json\/wp\/v2\/media?parent=688"}],"curies":[{"name":"wp","href":"https:\/\/api.w.org\/{rel}","templated":true}]}}