{"id":65,"date":"2017-11-07T15:02:56","date_gmt":"2017-11-07T14:02:56","guid":{"rendered":"http:\/\/88.126.63.142\/wordpress\/?page_id=65"},"modified":"2020-12-04T16:09:52","modified_gmt":"2020-12-04T15:09:52","slug":"permis-am","status":"publish","type":"page","link":"https:\/\/auto-moto-ecole-plein-gaz.com\/index.php\/permis-am\/","title":{"rendered":"Permis AM"},"content":{"rendered":"<p><strong>Le permis cyclomoteur et voiturette (Permis AM)<\/strong><br \/>\nPour conduire un cyclomoteur ou une voiturette, les personnes n\u00e9es \u00e0 partir du 1er janvier 1988 doivent \u00eatre titulaires du permis AM (ou du BSR). Les personnes n\u00e9es avant le 1er janvier 1988 sont dispens\u00e9es de ces titres.<br \/>\n<strong>Principe<\/strong><br \/>\nLa cat\u00e9gorie AM du permis de conduire est \u00e9quivalente au Brevet de S\u00e9curit\u00e9 Routi\u00e8re (BSR). Elle n&rsquo;entre pas dans le r\u00e9gime du permis \u00e0 points. Ce permis peut \u00eatre d\u00e9livr\u00e9 \u00e0 partir de 14 ans \u00e0\u00a0 l&rsquo;issue d&rsquo;une formation sp\u00e9cifique de 8 heures, d\u00e9livr\u00e9e par les \u00e9coles d&rsquo;enseignement de la conduite automobile. Le BSR reste valide. Tout permis de conduire autorise la conduite des v\u00e9hicules relevant de la cat\u00e9gorie AM. La carte s\u00e9curis\u00e9e AM est valable 15 ans \u00e0\u00a0 compter de la date de sa d\u00e9livrance. Cette validit\u00e9 est inscrite sur le document.<br \/>\n<strong>Cyclomoteurs<\/strong><br \/>\n<strong>Type de v\u00e9hicule<\/strong><br \/>\nCyclomoteurs de cylindr\u00e9e inf\u00e9rieure ou \u00e9gale \u00e0\u00a0 49,9 cm<sup>3<\/sup>\u00a0et dont la vitesse est limit\u00e9e par construction \u00e0 45 km\/h.<br \/>\n<strong>Autorisation<\/strong><br \/>\nLe conducteur doit \u00eatre \u00e2g\u00e9 d&rsquo;au moins 14 ans et \u00eatre\u00a0titulaire du permis AM (ou du BSR) s&rsquo;il est n\u00e9 \u00e0 partir du 1er janvier 1988.<br \/>\n<strong>Voiturettes<\/strong><br \/>\n<strong>Type de v\u00e9hicule<\/strong><br \/>\nVoiturettes et petits quads de cylindr\u00e9e inf\u00e9rieure ou \u00e9gale \u00e0\u00a0 49,9 cm<sup>3<\/sup>\u00a0pour un moteur essence ou inf\u00e9rieur ou \u00e9gale \u00e0 4 kW pour un moteur Diesel.<br \/>\n<img decoding=\"async\" loading=\"lazy\" class=\"size-medium wp-image-203 aligncenter\" src=\"http:\/\/auto-moto-ecole-plein-gaz.com\/wp-content\/uploads\/2018\/03\/peugeot-ludix-trend-noir-300x174.jpg\" alt=\"\" width=\"300\" height=\"174\" srcset=\"https:\/\/auto-moto-ecole-plein-gaz.com\/wp-content\/uploads\/2018\/03\/peugeot-ludix-trend-noir-300x174.jpg 300w, https:\/\/auto-moto-ecole-plein-gaz.com\/wp-content\/uploads\/2018\/03\/peugeot-ludix-trend-noir.jpg 700w\" sizes=\"(max-width: 300px) 100vw, 300px\" \/><br \/>\n<strong>Autorisation<\/strong><br \/>\nLe conducteur doit \u00eatre \u00e2g\u00e9 d&rsquo;au moins 14 ans et, sauf s&rsquo;il est n\u00e9 apr\u00e8s le 1er janvier 1988, \u00eatre titulaire du brevet de s\u00e9curit\u00e9 routi\u00e8re (BSR) ou du permis de conduire de la cat\u00e9gorie AM.<\/p>\n","protected":false},"excerpt":{"rendered":"<p>Le permis cyclomoteur et voiturette (Permis AM) Pour conduire un cyclomoteur ou une voiturette, les personnes n\u00e9es \u00e0 partir du 1er janvier 1988 doivent \u00eatre titulaires du permis AM (ou [&hellip;]<\/p>\n","protected":false},"author":3,"featured_media":0,"parent":0,"menu_order":0,"comment_status":"closed","ping_status":"closed","template":"","meta":[],"acf":[],"yoast_head":"<!-- This site is optimized with the Yoast SEO plugin v20.4 - https:\/\/yoast.com\/wordpress\/plugins\/seo\/ -->\n<title>Permis AM - Auto-Moto Ecole Plein Gaz<\/title>\n<meta name=\"robots\" content=\"index, follow, max-snippet:-1, max-image-preview:large, max-video-preview:-1\" \/>\n<link rel=\"canonical\" href=\"https:\/\/auto-moto-ecole-plein-gaz.com\/index.php\/permis-am\/\" \/>\n<meta property=\"og:locale\" content=\"fr_FR\" \/>\n<meta property=\"og:type\" content=\"article\" \/>\n<meta property=\"og:title\" content=\"Permis AM - Auto-Moto Ecole Plein Gaz\" \/>\n<meta property=\"og:description\" content=\"Le permis cyclomoteur et voiturette (Permis AM) Pour conduire un cyclomoteur ou une voiturette, les personnes n\u00e9es \u00e0 partir du 1er janvier 1988 doivent \u00eatre titulaires du permis AM (ou [&hellip;]\" \/>\n<meta property=\"og:url\" content=\"https:\/\/auto-moto-ecole-plein-gaz.com\/index.php\/permis-am\/\" \/>\n<meta property=\"og:site_name\" content=\"Auto-Moto Ecole Plein Gaz\" \/>\n<meta property=\"article:modified_time\" content=\"2020-12-04T15:09:52+00:00\" \/>\n<meta property=\"og:image\" content=\"http:\/\/auto-moto-ecole-plein-gaz.com\/wp-content\/uploads\/2018\/03\/peugeot-ludix-trend-noir-300x174.jpg\" \/>\n<meta name=\"twitter:card\" content=\"summary_large_image\" \/>\n<meta name=\"twitter:label1\" content=\"Dur\u00e9e de lecture estim\u00e9e\" \/>\n\t<meta name=\"twitter:data1\" content=\"1 minute\" \/>\n<script type=\"application\/ld+json\" class=\"yoast-schema-graph\">{\"@context\":\"https:\/\/schema.org\",\"@graph\":[{\"@type\":\"WebPage\",\"@id\":\"https:\/\/auto-moto-ecole-plein-gaz.com\/index.php\/permis-am\/\",\"url\":\"https:\/\/auto-moto-ecole-plein-gaz.com\/index.php\/permis-am\/\",\"name\":\"Permis AM - Auto-Moto Ecole Plein Gaz\",\"isPartOf\":{\"@id\":\"https:\/\/auto-moto-ecole-plein-gaz.com\/#website\"},\"datePublished\":\"2017-11-07T14:02:56+00:00\",\"dateModified\":\"2020-12-04T15:09:52+00:00\",\"breadcrumb\":{\"@id\":\"https:\/\/auto-moto-ecole-plein-gaz.com\/index.php\/permis-am\/#breadcrumb\"},\"inLanguage\":\"fr-FR\",\"potentialAction\":[{\"@type\":\"ReadAction\",\"target\":[\"https:\/\/auto-moto-ecole-plein-gaz.com\/index.php\/permis-am\/\"]}]},{\"@type\":\"BreadcrumbList\",\"@id\":\"https:\/\/auto-moto-ecole-plein-gaz.com\/index.php\/permis-am\/#breadcrumb\",\"itemListElement\":[{\"@type\":\"ListItem\",\"position\":1,\"name\":\"Home\",\"item\":\"https:\/\/auto-moto-ecole-plein-gaz.com\/\"},{\"@type\":\"ListItem\",\"position\":2,\"name\":\"Permis AM\"}]},{\"@type\":\"WebSite\",\"@id\":\"https:\/\/auto-moto-ecole-plein-gaz.com\/#website\",\"url\":\"https:\/\/auto-moto-ecole-plein-gaz.com\/\",\"name\":\"Auto-Moto Ecole Plein Gaz\",\"description\":\"Auto-Moto Ecole Plein Gaz\",\"publisher\":{\"@id\":\"https:\/\/auto-moto-ecole-plein-gaz.com\/#organization\"},\"potentialAction\":[{\"@type\":\"SearchAction\",\"target\":{\"@type\":\"EntryPoint\",\"urlTemplate\":\"https:\/\/auto-moto-ecole-plein-gaz.com\/?s={search_term_string}\"},\"query-input\":\"required name=search_term_string\"}],\"inLanguage\":\"fr-FR\"},{\"@type\":\"Organization\",\"@id\":\"https:\/\/auto-moto-ecole-plein-gaz.com\/#organization\",\"name\":\"auto ecole plein gaz\",\"url\":\"https:\/\/auto-moto-ecole-plein-gaz.com\/\",\"logo\":{\"@type\":\"ImageObject\",\"inLanguage\":\"fr-FR\",\"@id\":\"https:\/\/auto-moto-ecole-plein-gaz.com\/#\/schema\/logo\/image\/\",\"url\":\"https:\/\/auto-moto-ecole-plein-gaz.com\/wp-content\/uploads\/2017\/11\/pgfinal.png\",\"contentUrl\":\"https:\/\/auto-moto-ecole-plein-gaz.com\/wp-content\/uploads\/2017\/11\/pgfinal.png\",\"width\":280,\"height\":153,\"caption\":\"auto ecole plein gaz\"},\"image\":{\"@id\":\"https:\/\/auto-moto-ecole-plein-gaz.com\/#\/schema\/logo\/image\/\"}}]}<\/script>\n<!-- \/ Yoast SEO plugin. -->","yoast_head_json":{"title":"Permis AM - Auto-Moto Ecole Plein Gaz","robots":{"index":"index","follow":"follow","max-snippet":"max-snippet:-1","max-image-preview":"max-image-preview:large","max-video-preview":"max-video-preview:-1"},"canonical":"https:\/\/auto-moto-ecole-plein-gaz.com\/index.php\/permis-am\/","og_locale":"fr_FR","og_type":"article","og_title":"Permis AM - Auto-Moto Ecole Plein Gaz","og_description":"Le permis cyclomoteur et voiturette (Permis AM) Pour conduire un cyclomoteur ou une voiturette, les personnes n\u00e9es \u00e0 partir du 1er janvier 1988 doivent \u00eatre titulaires du permis AM (ou [&hellip;]","og_url":"https:\/\/auto-moto-ecole-plein-gaz.com\/index.php\/permis-am\/","og_site_name":"Auto-Moto Ecole Plein Gaz","article_modified_time":"2020-12-04T15:09:52+00:00","og_image":[{"url":"http:\/\/auto-moto-ecole-plein-gaz.com\/wp-content\/uploads\/2018\/03\/peugeot-ludix-trend-noir-300x174.jpg"}],"twitter_card":"summary_large_image","twitter_misc":{"Dur\u00e9e de lecture estim\u00e9e":"1 minute"},"schema":{"@context":"https:\/\/schema.org","@graph":[{"@type":"WebPage","@id":"https:\/\/auto-moto-ecole-plein-gaz.com\/index.php\/permis-am\/","url":"https:\/\/auto-moto-ecole-plein-gaz.com\/index.php\/permis-am\/","name":"Permis AM - Auto-Moto Ecole Plein Gaz","isPartOf":{"@id":"https:\/\/auto-moto-ecole-plein-gaz.com\/#website"},"datePublished":"2017-11-07T14:02:56+00:00","dateModified":"2020-12-04T15:09:52+00:00","breadcrumb":{"@id":"https:\/\/auto-moto-ecole-plein-gaz.com\/index.php\/permis-am\/#breadcrumb"},"inLanguage":"fr-FR","potentialAction":[{"@type":"ReadAction","target":["https:\/\/auto-moto-ecole-plein-gaz.com\/index.php\/permis-am\/"]}]},{"@type":"BreadcrumbList","@id":"https:\/\/auto-moto-ecole-plein-gaz.com\/index.php\/permis-am\/#breadcrumb","itemListElement":[{"@type":"ListItem","position":1,"name":"Home","item":"https:\/\/auto-moto-ecole-plein-gaz.com\/"},{"@type":"ListItem","position":2,"name":"Permis AM"}]},{"@type":"WebSite","@id":"https:\/\/auto-moto-ecole-plein-gaz.com\/#website","url":"https:\/\/auto-moto-ecole-plein-gaz.com\/","name":"Auto-Moto Ecole Plein Gaz","description":"Auto-Moto Ecole Plein Gaz","publisher":{"@id":"https:\/\/auto-moto-ecole-plein-gaz.com\/#organization"},"potentialAction":[{"@type":"SearchAction","target":{"@type":"EntryPoint","urlTemplate":"https:\/\/auto-moto-ecole-plein-gaz.com\/?s={search_term_string}"},"query-input":"required name=search_term_string"}],"inLanguage":"fr-FR"},{"@type":"Organization","@id":"https:\/\/auto-moto-ecole-plein-gaz.com\/#organization","name":"auto ecole plein gaz","url":"https:\/\/auto-moto-ecole-plein-gaz.com\/","logo":{"@type":"ImageObject","inLanguage":"fr-FR","@id":"https:\/\/auto-moto-ecole-plein-gaz.com\/#\/schema\/logo\/image\/","url":"https:\/\/auto-moto-ecole-plein-gaz.com\/wp-content\/uploads\/2017\/11\/pgfinal.png","contentUrl":"https:\/\/auto-moto-ecole-plein-gaz.com\/wp-content\/uploads\/2017\/11\/pgfinal.png","width":280,"height":153,"caption":"auto ecole plein gaz"},"image":{"@id":"https:\/\/auto-moto-ecole-plein-gaz.com\/#\/schema\/logo\/image\/"}}]}},"_links":{"self":[{"href":"https:\/\/auto-moto-ecole-plein-gaz.com\/index.php\/wp-json\/wp\/v2\/pages\/65"}],"collection":[{"href":"https:\/\/auto-moto-ecole-plein-gaz.com\/index.php\/wp-json\/wp\/v2\/pages"}],"about":[{"href":"https:\/\/auto-moto-ecole-plein-gaz.com\/index.php\/wp-json\/wp\/v2\/types\/page"}],"author":[{"embeddable":true,"href":"https:\/\/auto-moto-ecole-plein-gaz.com\/index.php\/wp-json\/wp\/v2\/users\/3"}],"replies":[{"embeddable":true,"href":"https:\/\/auto-moto-ecole-plein-gaz.com\/index.php\/wp-json\/wp\/v2\/comments?post=65"}],"version-history":[{"count":2,"href":"https:\/\/auto-moto-ecole-plein-gaz.com\/index.php\/wp-json\/wp\/v2\/pages\/65\/revisions"}],"predecessor-version":[{"id":579,"href":"https:\/\/auto-moto-ecole-plein-gaz.com\/index.php\/wp-json\/wp\/v2\/pages\/65\/revisions\/579"}],"wp:attachment":[{"href":"https:\/\/auto-moto-ecole-plein-gaz.com\/index.php\/wp-json\/wp\/v2\/media?parent=65"}],"curies":[{"name":"wp","href":"https:\/\/api.w.org\/{rel}","templated":true}]}}