{"id":56,"date":"2017-11-07T14:42:13","date_gmt":"2017-11-07T13:42:13","guid":{"rendered":"http:\/\/88.126.63.142\/wordpress\/?page_id=56"},"modified":"2020-12-04T16:11:45","modified_gmt":"2020-12-04T15:11:45","slug":"permis-aac","status":"publish","type":"page","link":"https:\/\/auto-moto-ecole-plein-gaz.com\/index.php\/permis-aac\/","title":{"rendered":"Permis AAC"},"content":{"rendered":"<p style=\"text-align: left;\"><span style=\"font-size: 12pt;\">La Conduite Accompagn\u00e9e est une formation d&rsquo;une dur\u00e9e de 1 an \u00e0 3 ans qui permet d&rsquo;obtenir une exp\u00e9rience de la conduite dans les circonstances les plus vari\u00e9es avant le passage de l&rsquo;examen du permis B qui permet la conduite des v\u00e9hicules dont le PTAC ne d\u00e9passe pas 3500 kg.<\/span><\/p>\n<section class=\"allwrapper\">\n<section id=\"firstcontentcontainer\" class=\"stretchme_on_mobile\">\n<section class=\"container\">\n<section class=\"row\">\n<section class=\"span12\">\n<div class=\"vc_row wpb_row vc_row-fluid\">\n<div class=\"wpb_column vc_column_container vc_col-sm-12\">\n<div class=\"wpb_wrapper\">\n<div class=\"wpb_text_column wpb_content_element \">\n<div class=\"wpb_wrapper\" style=\"text-align: left;\"><span style=\"font-size: 12pt;\">Cette formation n\u00e9cessite un investissement certain pour le candidat qui est responsabilis\u00e9 malgr\u00e9 son jeune \u00e2ge et pour les accompagnateurs qui contribuent au savoir faire de l&rsquo;\u00e9l\u00e8ve.<\/span><\/div>\n<section class=\"allwrapper\">\n<section id=\"firstcontentcontainer\" class=\"stretchme_on_mobile\">\n<section class=\"container\">\n<section class=\"row\">\n<section class=\"span12\">\n<div class=\"vc_row wpb_row vc_row-fluid\">\n<div class=\"wpb_column vc_column_container vc_col-sm-6\">\n<div class=\"wpb_wrapper\">\n<div class=\"vc_message_box vc_message_box-standard vc_message_box-rounded vc_color-alert-success wpb_animate_when_almost_visible wpb_appear wpb_start_animation\">\n<p style=\"text-align: left;\"><span style=\"font-size: 12pt;\"><b>Age requis pour le candidat :<\/b><\/span><\/p>\n<ul style=\"text-align: left;\">\n<li><span style=\"font-size: 12pt;\">A partir de 15 ans, pour le passage \u00e0 l&rsquo;examen th\u00e9orique avec l&rsquo;accord de son repr\u00e9sentant l\u00e9gal et de l&rsquo;assureur du v\u00e9hicule.<\/span><\/li>\n<li><span style=\"font-size: 12pt;\">17 ans pour la partie pratique avec obligation de conduire accompagn\u00e9 jusqu&rsquo;\u00e0 18 ans.<\/span><\/li>\n<\/ul>\n<section class=\"allwrapper\">\n<section id=\"firstcontentcontainer\" class=\"stretchme_on_mobile\">\n<section class=\"container\">\n<section class=\"row\">\n<section class=\"span12\">\n<div class=\"vc_row wpb_row vc_row-fluid\">\n<div class=\"wpb_column vc_column_container vc_col-sm-6\">\n<div class=\"wpb_wrapper\">\n<div class=\"vc_message_box vc_message_box-standard vc_message_box-rounded vc_color-alert-success wpb_animate_when_almost_visible wpb_appear wpb_start_animation\">\n<div class=\"vc_message_box-icon\" style=\"text-align: left;\"><span style=\"font-size: 12pt;\">\u00a0<\/span><\/div>\n<p style=\"text-align: left;\"><span style=\"font-size: 12pt;\"><b>L&rsquo;accompagnateur :<\/b><\/span><\/p>\n<ul style=\"text-align: left;\">\n<li><span style=\"font-size: 12pt;\">Etre titulaire du permis B (permis auto) depuis au moins cinq ans sans interruption.<\/span><\/li>\n<li><span style=\"font-size: 12pt;\">Avoir obtenu l&rsquo;accord de son assureur.<\/span><\/li>\n<li><span style=\"font-size: 12pt;\">Etre mentionn\u00e9 dans le contrat sign\u00e9 avec l&rsquo;\u00e9cole de conduite.<\/span><\/li>\n<\/ul>\n<p style=\"text-align: left;\"><span style=\"font-size: 12pt;\">Il est possible d&rsquo;avoir plusieurs accompagnateurs, \u00e9galement hors du cadre familial.<\/span><\/p>\n<p><img decoding=\"async\" loading=\"lazy\" class=\"size-medium wp-image-59 aligncenter\" src=\"http:\/\/auto-moto-ecole-plein-gaz.com\/wp-content\/uploads\/2017\/11\/AAC-300x300.jpg\" alt=\"\" width=\"300\" height=\"300\" srcset=\"https:\/\/auto-moto-ecole-plein-gaz.com\/wp-content\/uploads\/2017\/11\/AAC-300x300.jpg 300w, https:\/\/auto-moto-ecole-plein-gaz.com\/wp-content\/uploads\/2017\/11\/AAC-150x150.jpg 150w, https:\/\/auto-moto-ecole-plein-gaz.com\/wp-content\/uploads\/2017\/11\/AAC-768x768.jpg 768w, https:\/\/auto-moto-ecole-plein-gaz.com\/wp-content\/uploads\/2017\/11\/AAC.jpg 1000w\" sizes=\"(max-width: 300px) 100vw, 300px\" \/>\n<\/div>\n<\/div>\n<\/div>\n<\/div>\n<\/section>\n<\/section>\n<\/section>\n<\/section>\n<\/section>\n<\/div>\n<\/div>\n<\/div>\n<\/div>\n<\/section>\n<\/section>\n<\/section>\n<\/section>\n<\/section>\n<\/div>\n<\/div>\n<\/div>\n<\/div>\n<\/section>\n<\/section>\n<\/section>\n<\/section>\n<\/section>\n","protected":false},"excerpt":{"rendered":"<p>La Conduite Accompagn\u00e9e est une formation d&rsquo;une dur\u00e9e de 1 an \u00e0 3 ans qui permet d&rsquo;obtenir une exp\u00e9rience de la conduite dans les circonstances les plus vari\u00e9es avant le [&hellip;]<\/p>\n","protected":false},"author":3,"featured_media":0,"parent":0,"menu_order":0,"comment_status":"closed","ping_status":"closed","template":"","meta":[],"acf":[],"yoast_head":"<!-- This site is optimized with the Yoast SEO plugin v20.4 - https:\/\/yoast.com\/wordpress\/plugins\/seo\/ -->\n<title>Permis AAC - Auto-Moto Ecole Plein Gaz<\/title>\n<meta name=\"robots\" content=\"index, follow, max-snippet:-1, max-image-preview:large, max-video-preview:-1\" \/>\n<link rel=\"canonical\" href=\"https:\/\/auto-moto-ecole-plein-gaz.com\/index.php\/permis-aac\/\" \/>\n<meta property=\"og:locale\" content=\"fr_FR\" \/>\n<meta property=\"og:type\" content=\"article\" \/>\n<meta property=\"og:title\" content=\"Permis AAC - Auto-Moto Ecole Plein Gaz\" \/>\n<meta property=\"og:description\" content=\"La Conduite Accompagn\u00e9e est une formation d&rsquo;une dur\u00e9e de 1 an \u00e0 3 ans qui permet d&rsquo;obtenir une exp\u00e9rience de la conduite dans les circonstances les plus vari\u00e9es avant le [&hellip;]\" \/>\n<meta property=\"og:url\" content=\"https:\/\/auto-moto-ecole-plein-gaz.com\/index.php\/permis-aac\/\" \/>\n<meta property=\"og:site_name\" content=\"Auto-Moto Ecole Plein Gaz\" \/>\n<meta property=\"article:modified_time\" content=\"2020-12-04T15:11:45+00:00\" \/>\n<meta property=\"og:image\" content=\"http:\/\/auto-moto-ecole-plein-gaz.com\/wp-content\/uploads\/2017\/11\/AAC-300x300.jpg\" \/>\n<meta name=\"twitter:card\" content=\"summary_large_image\" \/>\n<meta name=\"twitter:label1\" content=\"Dur\u00e9e de lecture estim\u00e9e\" \/>\n\t<meta name=\"twitter:data1\" content=\"1 minute\" \/>\n<script type=\"application\/ld+json\" class=\"yoast-schema-graph\">{\"@context\":\"https:\/\/schema.org\",\"@graph\":[{\"@type\":\"WebPage\",\"@id\":\"https:\/\/auto-moto-ecole-plein-gaz.com\/index.php\/permis-aac\/\",\"url\":\"https:\/\/auto-moto-ecole-plein-gaz.com\/index.php\/permis-aac\/\",\"name\":\"Permis AAC - Auto-Moto Ecole Plein Gaz\",\"isPartOf\":{\"@id\":\"https:\/\/auto-moto-ecole-plein-gaz.com\/#website\"},\"datePublished\":\"2017-11-07T13:42:13+00:00\",\"dateModified\":\"2020-12-04T15:11:45+00:00\",\"breadcrumb\":{\"@id\":\"https:\/\/auto-moto-ecole-plein-gaz.com\/index.php\/permis-aac\/#breadcrumb\"},\"inLanguage\":\"fr-FR\",\"potentialAction\":[{\"@type\":\"ReadAction\",\"target\":[\"https:\/\/auto-moto-ecole-plein-gaz.com\/index.php\/permis-aac\/\"]}]},{\"@type\":\"BreadcrumbList\",\"@id\":\"https:\/\/auto-moto-ecole-plein-gaz.com\/index.php\/permis-aac\/#breadcrumb\",\"itemListElement\":[{\"@type\":\"ListItem\",\"position\":1,\"name\":\"Home\",\"item\":\"https:\/\/auto-moto-ecole-plein-gaz.com\/\"},{\"@type\":\"ListItem\",\"position\":2,\"name\":\"Permis AAC\"}]},{\"@type\":\"WebSite\",\"@id\":\"https:\/\/auto-moto-ecole-plein-gaz.com\/#website\",\"url\":\"https:\/\/auto-moto-ecole-plein-gaz.com\/\",\"name\":\"Auto-Moto Ecole Plein Gaz\",\"description\":\"Auto-Moto Ecole Plein Gaz\",\"publisher\":{\"@id\":\"https:\/\/auto-moto-ecole-plein-gaz.com\/#organization\"},\"potentialAction\":[{\"@type\":\"SearchAction\",\"target\":{\"@type\":\"EntryPoint\",\"urlTemplate\":\"https:\/\/auto-moto-ecole-plein-gaz.com\/?s={search_term_string}\"},\"query-input\":\"required name=search_term_string\"}],\"inLanguage\":\"fr-FR\"},{\"@type\":\"Organization\",\"@id\":\"https:\/\/auto-moto-ecole-plein-gaz.com\/#organization\",\"name\":\"auto ecole plein gaz\",\"url\":\"https:\/\/auto-moto-ecole-plein-gaz.com\/\",\"logo\":{\"@type\":\"ImageObject\",\"inLanguage\":\"fr-FR\",\"@id\":\"https:\/\/auto-moto-ecole-plein-gaz.com\/#\/schema\/logo\/image\/\",\"url\":\"https:\/\/auto-moto-ecole-plein-gaz.com\/wp-content\/uploads\/2017\/11\/pgfinal.png\",\"contentUrl\":\"https:\/\/auto-moto-ecole-plein-gaz.com\/wp-content\/uploads\/2017\/11\/pgfinal.png\",\"width\":280,\"height\":153,\"caption\":\"auto ecole plein gaz\"},\"image\":{\"@id\":\"https:\/\/auto-moto-ecole-plein-gaz.com\/#\/schema\/logo\/image\/\"}}]}<\/script>\n<!-- \/ Yoast SEO plugin. -->","yoast_head_json":{"title":"Permis AAC - Auto-Moto Ecole Plein Gaz","robots":{"index":"index","follow":"follow","max-snippet":"max-snippet:-1","max-image-preview":"max-image-preview:large","max-video-preview":"max-video-preview:-1"},"canonical":"https:\/\/auto-moto-ecole-plein-gaz.com\/index.php\/permis-aac\/","og_locale":"fr_FR","og_type":"article","og_title":"Permis AAC - Auto-Moto Ecole Plein Gaz","og_description":"La Conduite Accompagn\u00e9e est une formation d&rsquo;une dur\u00e9e de 1 an \u00e0 3 ans qui permet d&rsquo;obtenir une exp\u00e9rience de la conduite dans les circonstances les plus vari\u00e9es avant le [&hellip;]","og_url":"https:\/\/auto-moto-ecole-plein-gaz.com\/index.php\/permis-aac\/","og_site_name":"Auto-Moto Ecole Plein Gaz","article_modified_time":"2020-12-04T15:11:45+00:00","og_image":[{"url":"http:\/\/auto-moto-ecole-plein-gaz.com\/wp-content\/uploads\/2017\/11\/AAC-300x300.jpg"}],"twitter_card":"summary_large_image","twitter_misc":{"Dur\u00e9e de lecture estim\u00e9e":"1 minute"},"schema":{"@context":"https:\/\/schema.org","@graph":[{"@type":"WebPage","@id":"https:\/\/auto-moto-ecole-plein-gaz.com\/index.php\/permis-aac\/","url":"https:\/\/auto-moto-ecole-plein-gaz.com\/index.php\/permis-aac\/","name":"Permis AAC - Auto-Moto Ecole Plein Gaz","isPartOf":{"@id":"https:\/\/auto-moto-ecole-plein-gaz.com\/#website"},"datePublished":"2017-11-07T13:42:13+00:00","dateModified":"2020-12-04T15:11:45+00:00","breadcrumb":{"@id":"https:\/\/auto-moto-ecole-plein-gaz.com\/index.php\/permis-aac\/#breadcrumb"},"inLanguage":"fr-FR","potentialAction":[{"@type":"ReadAction","target":["https:\/\/auto-moto-ecole-plein-gaz.com\/index.php\/permis-aac\/"]}]},{"@type":"BreadcrumbList","@id":"https:\/\/auto-moto-ecole-plein-gaz.com\/index.php\/permis-aac\/#breadcrumb","itemListElement":[{"@type":"ListItem","position":1,"name":"Home","item":"https:\/\/auto-moto-ecole-plein-gaz.com\/"},{"@type":"ListItem","position":2,"name":"Permis AAC"}]},{"@type":"WebSite","@id":"https:\/\/auto-moto-ecole-plein-gaz.com\/#website","url":"https:\/\/auto-moto-ecole-plein-gaz.com\/","name":"Auto-Moto Ecole Plein Gaz","description":"Auto-Moto Ecole Plein Gaz","publisher":{"@id":"https:\/\/auto-moto-ecole-plein-gaz.com\/#organization"},"potentialAction":[{"@type":"SearchAction","target":{"@type":"EntryPoint","urlTemplate":"https:\/\/auto-moto-ecole-plein-gaz.com\/?s={search_term_string}"},"query-input":"required name=search_term_string"}],"inLanguage":"fr-FR"},{"@type":"Organization","@id":"https:\/\/auto-moto-ecole-plein-gaz.com\/#organization","name":"auto ecole plein gaz","url":"https:\/\/auto-moto-ecole-plein-gaz.com\/","logo":{"@type":"ImageObject","inLanguage":"fr-FR","@id":"https:\/\/auto-moto-ecole-plein-gaz.com\/#\/schema\/logo\/image\/","url":"https:\/\/auto-moto-ecole-plein-gaz.com\/wp-content\/uploads\/2017\/11\/pgfinal.png","contentUrl":"https:\/\/auto-moto-ecole-plein-gaz.com\/wp-content\/uploads\/2017\/11\/pgfinal.png","width":280,"height":153,"caption":"auto ecole plein gaz"},"image":{"@id":"https:\/\/auto-moto-ecole-plein-gaz.com\/#\/schema\/logo\/image\/"}}]}},"_links":{"self":[{"href":"https:\/\/auto-moto-ecole-plein-gaz.com\/index.php\/wp-json\/wp\/v2\/pages\/56"}],"collection":[{"href":"https:\/\/auto-moto-ecole-plein-gaz.com\/index.php\/wp-json\/wp\/v2\/pages"}],"about":[{"href":"https:\/\/auto-moto-ecole-plein-gaz.com\/index.php\/wp-json\/wp\/v2\/types\/page"}],"author":[{"embeddable":true,"href":"https:\/\/auto-moto-ecole-plein-gaz.com\/index.php\/wp-json\/wp\/v2\/users\/3"}],"replies":[{"embeddable":true,"href":"https:\/\/auto-moto-ecole-plein-gaz.com\/index.php\/wp-json\/wp\/v2\/comments?post=56"}],"version-history":[{"count":1,"href":"https:\/\/auto-moto-ecole-plein-gaz.com\/index.php\/wp-json\/wp\/v2\/pages\/56\/revisions"}],"predecessor-version":[{"id":580,"href":"https:\/\/auto-moto-ecole-plein-gaz.com\/index.php\/wp-json\/wp\/v2\/pages\/56\/revisions\/580"}],"wp:attachment":[{"href":"https:\/\/auto-moto-ecole-plein-gaz.com\/index.php\/wp-json\/wp\/v2\/media?parent=56"}],"curies":[{"name":"wp","href":"https:\/\/api.w.org\/{rel}","templated":true}]}}