{"id":313,"date":"2018-03-28T21:44:49","date_gmt":"2018-03-28T19:44:49","guid":{"rendered":"http:\/\/88.126.63.142\/wordpress\/?page_id=313"},"modified":"2021-01-14T16:34:12","modified_gmt":"2021-01-14T15:34:12","slug":"documents-necessaires","status":"publish","type":"page","link":"https:\/\/auto-moto-ecole-plein-gaz.com\/index.php\/documents-necessaires\/","title":{"rendered":"Documents n\u00e9cessaires"},"content":{"rendered":"<p>e photos agr\u00e9\u00e9es ANTS<img decoding=\"async\" loading=\"lazy\" class=\"alignnone wp-image-335\" src=\"http:\/\/auto-moto-ecole-plein-gaz.com\/wp-content\/uploads\/2018\/03\/logo-ANTS-300x197.gif\" alt=\"\" width=\"49\" height=\"32\" srcset=\"https:\/\/auto-moto-ecole-plein-gaz.com\/wp-content\/uploads\/2018\/03\/logo-ANTS-300x197.gif 300w, https:\/\/auto-moto-ecole-plein-gaz.com\/wp-content\/uploads\/2018\/03\/logo-ANTS-768x504.gif 768w\" sizes=\"(max-width: 49px) 100vw, 49px\" \/>avec signature \u00e9lectronique.<br \/>\nPi\u00e8ce d&rsquo;identit\u00e9 en cours de validit\u00e9 ou p\u00e9rim\u00e9e depuis moins de 2 ans.<br \/>\nPermis de conduire.<br \/>\nJDC ( Journ\u00e9e D\u00e9fense Citoyenne ) de 17 \u00e0 25 ans.<br \/>\njustificatif de domicile de moins de 6 mois.<br \/>\nPi\u00e8ce d&rsquo;identit\u00e9 du repr\u00e9sentant l\u00e9gal, et\/ ou de l&rsquo;h\u00e9bergeant en cours de validit\u00e9 ou p\u00e9rim\u00e9e depuis moins de 2 ans.<br \/>\nAttestation d&rsquo;h\u00e9bergement \u00e0 l&rsquo;encre noire, cosign\u00e9e par l&rsquo;h\u00e9bergeant et l&rsquo;h\u00e9berg\u00e9.<br \/>\n2 enveloppes kraft format A5.<br \/>\n6 timbres.<\/p>\n","protected":false},"excerpt":{"rendered":"<p>e photos agr\u00e9\u00e9es ANTSavec signature \u00e9lectronique. Pi\u00e8ce d&rsquo;identit\u00e9 en cours de validit\u00e9 ou p\u00e9rim\u00e9e depuis moins de 2 ans. Permis de conduire. JDC ( Journ\u00e9e D\u00e9fense Citoyenne ) de 17 [&hellip;]<\/p>\n","protected":false},"author":4,"featured_media":0,"parent":0,"menu_order":0,"comment_status":"closed","ping_status":"closed","template":"","meta":[],"acf":[],"yoast_head":"<!-- This site is optimized with the Yoast SEO plugin v20.4 - https:\/\/yoast.com\/wordpress\/plugins\/seo\/ -->\n<title>Documents n\u00e9cessaires - Auto-Moto Ecole Plein Gaz<\/title>\n<meta name=\"robots\" content=\"index, follow, max-snippet:-1, max-image-preview:large, max-video-preview:-1\" \/>\n<link rel=\"canonical\" href=\"https:\/\/auto-moto-ecole-plein-gaz.com\/index.php\/documents-necessaires\/\" \/>\n<meta property=\"og:locale\" content=\"fr_FR\" \/>\n<meta property=\"og:type\" content=\"article\" \/>\n<meta property=\"og:title\" content=\"Documents n\u00e9cessaires - Auto-Moto Ecole Plein Gaz\" \/>\n<meta property=\"og:description\" content=\"e photos agr\u00e9\u00e9es ANTSavec signature \u00e9lectronique. Pi\u00e8ce d&rsquo;identit\u00e9 en cours de validit\u00e9 ou p\u00e9rim\u00e9e depuis moins de 2 ans. Permis de conduire. JDC ( Journ\u00e9e D\u00e9fense Citoyenne ) de 17 [&hellip;]\" \/>\n<meta property=\"og:url\" content=\"https:\/\/auto-moto-ecole-plein-gaz.com\/index.php\/documents-necessaires\/\" \/>\n<meta property=\"og:site_name\" content=\"Auto-Moto Ecole Plein Gaz\" \/>\n<meta property=\"article:modified_time\" content=\"2021-01-14T15:34:12+00:00\" \/>\n<meta property=\"og:image\" content=\"http:\/\/auto-moto-ecole-plein-gaz.com\/wp-content\/uploads\/2018\/03\/logo-ANTS-300x197.gif\" \/>\n<meta name=\"twitter:card\" content=\"summary_large_image\" \/>\n<script type=\"application\/ld+json\" class=\"yoast-schema-graph\">{\"@context\":\"https:\/\/schema.org\",\"@graph\":[{\"@type\":\"WebPage\",\"@id\":\"https:\/\/auto-moto-ecole-plein-gaz.com\/index.php\/documents-necessaires\/\",\"url\":\"https:\/\/auto-moto-ecole-plein-gaz.com\/index.php\/documents-necessaires\/\",\"name\":\"Documents n\u00e9cessaires - Auto-Moto Ecole Plein Gaz\",\"isPartOf\":{\"@id\":\"https:\/\/auto-moto-ecole-plein-gaz.com\/#website\"},\"datePublished\":\"2018-03-28T19:44:49+00:00\",\"dateModified\":\"2021-01-14T15:34:12+00:00\",\"breadcrumb\":{\"@id\":\"https:\/\/auto-moto-ecole-plein-gaz.com\/index.php\/documents-necessaires\/#breadcrumb\"},\"inLanguage\":\"fr-FR\",\"potentialAction\":[{\"@type\":\"ReadAction\",\"target\":[\"https:\/\/auto-moto-ecole-plein-gaz.com\/index.php\/documents-necessaires\/\"]}]},{\"@type\":\"BreadcrumbList\",\"@id\":\"https:\/\/auto-moto-ecole-plein-gaz.com\/index.php\/documents-necessaires\/#breadcrumb\",\"itemListElement\":[{\"@type\":\"ListItem\",\"position\":1,\"name\":\"Home\",\"item\":\"https:\/\/auto-moto-ecole-plein-gaz.com\/\"},{\"@type\":\"ListItem\",\"position\":2,\"name\":\"Documents n\u00e9cessaires\"}]},{\"@type\":\"WebSite\",\"@id\":\"https:\/\/auto-moto-ecole-plein-gaz.com\/#website\",\"url\":\"https:\/\/auto-moto-ecole-plein-gaz.com\/\",\"name\":\"Auto-Moto Ecole Plein Gaz\",\"description\":\"Auto-Moto Ecole Plein Gaz\",\"publisher\":{\"@id\":\"https:\/\/auto-moto-ecole-plein-gaz.com\/#organization\"},\"potentialAction\":[{\"@type\":\"SearchAction\",\"target\":{\"@type\":\"EntryPoint\",\"urlTemplate\":\"https:\/\/auto-moto-ecole-plein-gaz.com\/?s={search_term_string}\"},\"query-input\":\"required name=search_term_string\"}],\"inLanguage\":\"fr-FR\"},{\"@type\":\"Organization\",\"@id\":\"https:\/\/auto-moto-ecole-plein-gaz.com\/#organization\",\"name\":\"auto ecole plein gaz\",\"url\":\"https:\/\/auto-moto-ecole-plein-gaz.com\/\",\"logo\":{\"@type\":\"ImageObject\",\"inLanguage\":\"fr-FR\",\"@id\":\"https:\/\/auto-moto-ecole-plein-gaz.com\/#\/schema\/logo\/image\/\",\"url\":\"https:\/\/auto-moto-ecole-plein-gaz.com\/wp-content\/uploads\/2017\/11\/pgfinal.png\",\"contentUrl\":\"https:\/\/auto-moto-ecole-plein-gaz.com\/wp-content\/uploads\/2017\/11\/pgfinal.png\",\"width\":280,\"height\":153,\"caption\":\"auto ecole plein gaz\"},\"image\":{\"@id\":\"https:\/\/auto-moto-ecole-plein-gaz.com\/#\/schema\/logo\/image\/\"}}]}<\/script>\n<!-- \/ Yoast SEO plugin. -->","yoast_head_json":{"title":"Documents n\u00e9cessaires - Auto-Moto Ecole Plein Gaz","robots":{"index":"index","follow":"follow","max-snippet":"max-snippet:-1","max-image-preview":"max-image-preview:large","max-video-preview":"max-video-preview:-1"},"canonical":"https:\/\/auto-moto-ecole-plein-gaz.com\/index.php\/documents-necessaires\/","og_locale":"fr_FR","og_type":"article","og_title":"Documents n\u00e9cessaires - Auto-Moto Ecole Plein Gaz","og_description":"e photos agr\u00e9\u00e9es ANTSavec signature \u00e9lectronique. Pi\u00e8ce d&rsquo;identit\u00e9 en cours de validit\u00e9 ou p\u00e9rim\u00e9e depuis moins de 2 ans. Permis de conduire. JDC ( Journ\u00e9e D\u00e9fense Citoyenne ) de 17 [&hellip;]","og_url":"https:\/\/auto-moto-ecole-plein-gaz.com\/index.php\/documents-necessaires\/","og_site_name":"Auto-Moto Ecole Plein Gaz","article_modified_time":"2021-01-14T15:34:12+00:00","og_image":[{"url":"http:\/\/auto-moto-ecole-plein-gaz.com\/wp-content\/uploads\/2018\/03\/logo-ANTS-300x197.gif"}],"twitter_card":"summary_large_image","schema":{"@context":"https:\/\/schema.org","@graph":[{"@type":"WebPage","@id":"https:\/\/auto-moto-ecole-plein-gaz.com\/index.php\/documents-necessaires\/","url":"https:\/\/auto-moto-ecole-plein-gaz.com\/index.php\/documents-necessaires\/","name":"Documents n\u00e9cessaires - Auto-Moto Ecole Plein Gaz","isPartOf":{"@id":"https:\/\/auto-moto-ecole-plein-gaz.com\/#website"},"datePublished":"2018-03-28T19:44:49+00:00","dateModified":"2021-01-14T15:34:12+00:00","breadcrumb":{"@id":"https:\/\/auto-moto-ecole-plein-gaz.com\/index.php\/documents-necessaires\/#breadcrumb"},"inLanguage":"fr-FR","potentialAction":[{"@type":"ReadAction","target":["https:\/\/auto-moto-ecole-plein-gaz.com\/index.php\/documents-necessaires\/"]}]},{"@type":"BreadcrumbList","@id":"https:\/\/auto-moto-ecole-plein-gaz.com\/index.php\/documents-necessaires\/#breadcrumb","itemListElement":[{"@type":"ListItem","position":1,"name":"Home","item":"https:\/\/auto-moto-ecole-plein-gaz.com\/"},{"@type":"ListItem","position":2,"name":"Documents n\u00e9cessaires"}]},{"@type":"WebSite","@id":"https:\/\/auto-moto-ecole-plein-gaz.com\/#website","url":"https:\/\/auto-moto-ecole-plein-gaz.com\/","name":"Auto-Moto Ecole Plein Gaz","description":"Auto-Moto Ecole Plein Gaz","publisher":{"@id":"https:\/\/auto-moto-ecole-plein-gaz.com\/#organization"},"potentialAction":[{"@type":"SearchAction","target":{"@type":"EntryPoint","urlTemplate":"https:\/\/auto-moto-ecole-plein-gaz.com\/?s={search_term_string}"},"query-input":"required name=search_term_string"}],"inLanguage":"fr-FR"},{"@type":"Organization","@id":"https:\/\/auto-moto-ecole-plein-gaz.com\/#organization","name":"auto ecole plein gaz","url":"https:\/\/auto-moto-ecole-plein-gaz.com\/","logo":{"@type":"ImageObject","inLanguage":"fr-FR","@id":"https:\/\/auto-moto-ecole-plein-gaz.com\/#\/schema\/logo\/image\/","url":"https:\/\/auto-moto-ecole-plein-gaz.com\/wp-content\/uploads\/2017\/11\/pgfinal.png","contentUrl":"https:\/\/auto-moto-ecole-plein-gaz.com\/wp-content\/uploads\/2017\/11\/pgfinal.png","width":280,"height":153,"caption":"auto ecole plein gaz"},"image":{"@id":"https:\/\/auto-moto-ecole-plein-gaz.com\/#\/schema\/logo\/image\/"}}]}},"_links":{"self":[{"href":"https:\/\/auto-moto-ecole-plein-gaz.com\/index.php\/wp-json\/wp\/v2\/pages\/313"}],"collection":[{"href":"https:\/\/auto-moto-ecole-plein-gaz.com\/index.php\/wp-json\/wp\/v2\/pages"}],"about":[{"href":"https:\/\/auto-moto-ecole-plein-gaz.com\/index.php\/wp-json\/wp\/v2\/types\/page"}],"author":[{"embeddable":true,"href":"https:\/\/auto-moto-ecole-plein-gaz.com\/index.php\/wp-json\/wp\/v2\/users\/4"}],"replies":[{"embeddable":true,"href":"https:\/\/auto-moto-ecole-plein-gaz.com\/index.php\/wp-json\/wp\/v2\/comments?post=313"}],"version-history":[{"count":3,"href":"https:\/\/auto-moto-ecole-plein-gaz.com\/index.php\/wp-json\/wp\/v2\/pages\/313\/revisions"}],"predecessor-version":[{"id":702,"href":"https:\/\/auto-moto-ecole-plein-gaz.com\/index.php\/wp-json\/wp\/v2\/pages\/313\/revisions\/702"}],"wp:attachment":[{"href":"https:\/\/auto-moto-ecole-plein-gaz.com\/index.php\/wp-json\/wp\/v2\/media?parent=313"}],"curies":[{"name":"wp","href":"https:\/\/api.w.org\/{rel}","templated":true}]}}