{"id":233,"date":"2018-03-27T19:23:26","date_gmt":"2018-03-27T17:23:26","guid":{"rendered":"http:\/\/88.126.63.142\/wordpress\/?page_id=233"},"modified":"2018-04-02T20:47:10","modified_gmt":"2018-04-02T18:47:10","slug":"permis-a1","status":"publish","type":"page","link":"https:\/\/auto-moto-ecole-plein-gaz.com\/index.php\/permis-a1\/","title":{"rendered":"Permis A1"},"content":{"rendered":"<p><em><strong><span class=\"CSWDefineFontSize\">Accessible d\u00e8s 16 ans le permis A1 permet la conduite des motos, scooters et tricycles \u00e0 moteurs de moins de 125 cm3, d\u2019une puissance inf\u00e9rieure \u00e0 11 kW (14.9 cv) et d\u2019un rapport puissance\/poids ne d\u00e9passant pas 0.1 kW\/kg.<\/span><\/strong><\/em><\/p>\n<p><em><span class=\"CSWDefineFontSize\">D\u00e9nomm\u00e9 \u00ab permis 125 \u00bb, l\u2019A1 existe en r\u00e9alit\u00e9 depuis 1999; A noter \u00e9galement que l\u2019ancien permis AL (1985-1999) qui autorisait pour sa part 25 kW sur des 125 cm\u00b3 reste \u00e9quivalent au A1.<\/span><\/em><br \/>\n<span class=\"CSWDefineFontSize\">Le code est obligatoire et l\u2019examen pratique (plateau et circulation) est identique aux permis A2 et A. A noter enfin que le permis A1 est accessible aux v\u00e9hicules automatiques, une notion importante o\u00f9 les scooters sont largement repr\u00e9sent\u00e9s. Il est donc d\u00e9sormais possible d\u2019apprendre \u00e0 conduire et de passer son permis sur un scooter automatique. Le permis d\u00e9livr\u00e9 ne permet que la conduite de v\u00e9hicules automatiques, exactement comme pour le permis B (voiture) automatique. Une mention restrictive est toutefois appos\u00e9e sur le permis.Il s\u2019agit donc bien d\u2019une passerelle entre le permis A1 (125) et A2. Dans la r\u00e9alit\u00e9 de l\u2019application de l\u2019Arr\u00eat\u00e9, aucune formation post-permis n\u2019est pr\u00e9vue pour obtenir le permis A2 \u00e0 partir du permis A1. De m\u00eame, une confusion de d\u00e9nomination existe entre le permis A (toutes cylindr\u00e9e) et A1 (125 cm3). Attention \u00e0 bien prendre en compte ces deux informations.<\/span><\/p>\n<p><img decoding=\"async\" loading=\"lazy\" class=\" wp-image-236 aligncenter\" src=\"http:\/\/auto-moto-ecole-plein-gaz.com\/wp-content\/uploads\/2018\/03\/yzf-125-300x200.jpg\" alt=\"\" width=\"989\" height=\"659\" srcset=\"https:\/\/auto-moto-ecole-plein-gaz.com\/wp-content\/uploads\/2018\/03\/yzf-125-300x200.jpg 300w, https:\/\/auto-moto-ecole-plein-gaz.com\/wp-content\/uploads\/2018\/03\/yzf-125-768x511.jpg 768w, https:\/\/auto-moto-ecole-plein-gaz.com\/wp-content\/uploads\/2018\/03\/yzf-125-1024x681.jpg 1024w, https:\/\/auto-moto-ecole-plein-gaz.com\/wp-content\/uploads\/2018\/03\/yzf-125.jpg 1200w\" sizes=\"(max-width: 989px) 100vw, 989px\" \/><\/p>\n","protected":false},"excerpt":{"rendered":"<p>Accessible d\u00e8s 16 ans le permis A1 permet la conduite des motos, scooters et tricycles \u00e0 moteurs de moins de 125 cm3, d\u2019une puissance inf\u00e9rieure \u00e0 11 kW (14.9 cv) [&hellip;]<\/p>\n","protected":false},"author":4,"featured_media":0,"parent":0,"menu_order":0,"comment_status":"closed","ping_status":"closed","template":"","meta":[],"acf":[],"yoast_head":"<!-- This site is optimized with the Yoast SEO plugin v20.4 - https:\/\/yoast.com\/wordpress\/plugins\/seo\/ -->\n<title>Permis A1 - Auto-Moto Ecole Plein Gaz<\/title>\n<meta name=\"robots\" content=\"index, follow, max-snippet:-1, max-image-preview:large, max-video-preview:-1\" \/>\n<link rel=\"canonical\" href=\"https:\/\/auto-moto-ecole-plein-gaz.com\/index.php\/permis-a1\/\" \/>\n<meta property=\"og:locale\" content=\"fr_FR\" \/>\n<meta property=\"og:type\" content=\"article\" \/>\n<meta property=\"og:title\" content=\"Permis A1 - Auto-Moto Ecole Plein Gaz\" \/>\n<meta property=\"og:description\" content=\"Accessible d\u00e8s 16 ans le permis A1 permet la conduite des motos, scooters et tricycles \u00e0 moteurs de moins de 125 cm3, d\u2019une puissance inf\u00e9rieure \u00e0 11 kW (14.9 cv) [&hellip;]\" \/>\n<meta property=\"og:url\" content=\"https:\/\/auto-moto-ecole-plein-gaz.com\/index.php\/permis-a1\/\" \/>\n<meta property=\"og:site_name\" content=\"Auto-Moto Ecole Plein Gaz\" \/>\n<meta property=\"article:modified_time\" content=\"2018-04-02T18:47:10+00:00\" \/>\n<meta property=\"og:image\" content=\"http:\/\/auto-moto-ecole-plein-gaz.com\/wp-content\/uploads\/2018\/03\/yzf-125-300x200.jpg\" \/>\n<meta name=\"twitter:card\" content=\"summary_large_image\" \/>\n<meta name=\"twitter:label1\" content=\"Dur\u00e9e de lecture estim\u00e9e\" \/>\n\t<meta name=\"twitter:data1\" content=\"1 minute\" \/>\n<script type=\"application\/ld+json\" class=\"yoast-schema-graph\">{\"@context\":\"https:\/\/schema.org\",\"@graph\":[{\"@type\":\"WebPage\",\"@id\":\"https:\/\/auto-moto-ecole-plein-gaz.com\/index.php\/permis-a1\/\",\"url\":\"https:\/\/auto-moto-ecole-plein-gaz.com\/index.php\/permis-a1\/\",\"name\":\"Permis A1 - Auto-Moto Ecole Plein Gaz\",\"isPartOf\":{\"@id\":\"https:\/\/auto-moto-ecole-plein-gaz.com\/#website\"},\"datePublished\":\"2018-03-27T17:23:26+00:00\",\"dateModified\":\"2018-04-02T18:47:10+00:00\",\"breadcrumb\":{\"@id\":\"https:\/\/auto-moto-ecole-plein-gaz.com\/index.php\/permis-a1\/#breadcrumb\"},\"inLanguage\":\"fr-FR\",\"potentialAction\":[{\"@type\":\"ReadAction\",\"target\":[\"https:\/\/auto-moto-ecole-plein-gaz.com\/index.php\/permis-a1\/\"]}]},{\"@type\":\"BreadcrumbList\",\"@id\":\"https:\/\/auto-moto-ecole-plein-gaz.com\/index.php\/permis-a1\/#breadcrumb\",\"itemListElement\":[{\"@type\":\"ListItem\",\"position\":1,\"name\":\"Home\",\"item\":\"https:\/\/auto-moto-ecole-plein-gaz.com\/\"},{\"@type\":\"ListItem\",\"position\":2,\"name\":\"Permis A1\"}]},{\"@type\":\"WebSite\",\"@id\":\"https:\/\/auto-moto-ecole-plein-gaz.com\/#website\",\"url\":\"https:\/\/auto-moto-ecole-plein-gaz.com\/\",\"name\":\"Auto-Moto Ecole Plein Gaz\",\"description\":\"Auto-Moto Ecole Plein Gaz\",\"publisher\":{\"@id\":\"https:\/\/auto-moto-ecole-plein-gaz.com\/#organization\"},\"potentialAction\":[{\"@type\":\"SearchAction\",\"target\":{\"@type\":\"EntryPoint\",\"urlTemplate\":\"https:\/\/auto-moto-ecole-plein-gaz.com\/?s={search_term_string}\"},\"query-input\":\"required name=search_term_string\"}],\"inLanguage\":\"fr-FR\"},{\"@type\":\"Organization\",\"@id\":\"https:\/\/auto-moto-ecole-plein-gaz.com\/#organization\",\"name\":\"auto ecole plein gaz\",\"url\":\"https:\/\/auto-moto-ecole-plein-gaz.com\/\",\"logo\":{\"@type\":\"ImageObject\",\"inLanguage\":\"fr-FR\",\"@id\":\"https:\/\/auto-moto-ecole-plein-gaz.com\/#\/schema\/logo\/image\/\",\"url\":\"https:\/\/auto-moto-ecole-plein-gaz.com\/wp-content\/uploads\/2017\/11\/pgfinal.png\",\"contentUrl\":\"https:\/\/auto-moto-ecole-plein-gaz.com\/wp-content\/uploads\/2017\/11\/pgfinal.png\",\"width\":280,\"height\":153,\"caption\":\"auto ecole plein gaz\"},\"image\":{\"@id\":\"https:\/\/auto-moto-ecole-plein-gaz.com\/#\/schema\/logo\/image\/\"}}]}<\/script>\n<!-- \/ Yoast SEO plugin. -->","yoast_head_json":{"title":"Permis A1 - Auto-Moto Ecole Plein Gaz","robots":{"index":"index","follow":"follow","max-snippet":"max-snippet:-1","max-image-preview":"max-image-preview:large","max-video-preview":"max-video-preview:-1"},"canonical":"https:\/\/auto-moto-ecole-plein-gaz.com\/index.php\/permis-a1\/","og_locale":"fr_FR","og_type":"article","og_title":"Permis A1 - Auto-Moto Ecole Plein Gaz","og_description":"Accessible d\u00e8s 16 ans le permis A1 permet la conduite des motos, scooters et tricycles \u00e0 moteurs de moins de 125 cm3, d\u2019une puissance inf\u00e9rieure \u00e0 11 kW (14.9 cv) [&hellip;]","og_url":"https:\/\/auto-moto-ecole-plein-gaz.com\/index.php\/permis-a1\/","og_site_name":"Auto-Moto Ecole Plein Gaz","article_modified_time":"2018-04-02T18:47:10+00:00","og_image":[{"url":"http:\/\/auto-moto-ecole-plein-gaz.com\/wp-content\/uploads\/2018\/03\/yzf-125-300x200.jpg"}],"twitter_card":"summary_large_image","twitter_misc":{"Dur\u00e9e de lecture estim\u00e9e":"1 minute"},"schema":{"@context":"https:\/\/schema.org","@graph":[{"@type":"WebPage","@id":"https:\/\/auto-moto-ecole-plein-gaz.com\/index.php\/permis-a1\/","url":"https:\/\/auto-moto-ecole-plein-gaz.com\/index.php\/permis-a1\/","name":"Permis A1 - Auto-Moto Ecole Plein Gaz","isPartOf":{"@id":"https:\/\/auto-moto-ecole-plein-gaz.com\/#website"},"datePublished":"2018-03-27T17:23:26+00:00","dateModified":"2018-04-02T18:47:10+00:00","breadcrumb":{"@id":"https:\/\/auto-moto-ecole-plein-gaz.com\/index.php\/permis-a1\/#breadcrumb"},"inLanguage":"fr-FR","potentialAction":[{"@type":"ReadAction","target":["https:\/\/auto-moto-ecole-plein-gaz.com\/index.php\/permis-a1\/"]}]},{"@type":"BreadcrumbList","@id":"https:\/\/auto-moto-ecole-plein-gaz.com\/index.php\/permis-a1\/#breadcrumb","itemListElement":[{"@type":"ListItem","position":1,"name":"Home","item":"https:\/\/auto-moto-ecole-plein-gaz.com\/"},{"@type":"ListItem","position":2,"name":"Permis A1"}]},{"@type":"WebSite","@id":"https:\/\/auto-moto-ecole-plein-gaz.com\/#website","url":"https:\/\/auto-moto-ecole-plein-gaz.com\/","name":"Auto-Moto Ecole Plein Gaz","description":"Auto-Moto Ecole Plein Gaz","publisher":{"@id":"https:\/\/auto-moto-ecole-plein-gaz.com\/#organization"},"potentialAction":[{"@type":"SearchAction","target":{"@type":"EntryPoint","urlTemplate":"https:\/\/auto-moto-ecole-plein-gaz.com\/?s={search_term_string}"},"query-input":"required name=search_term_string"}],"inLanguage":"fr-FR"},{"@type":"Organization","@id":"https:\/\/auto-moto-ecole-plein-gaz.com\/#organization","name":"auto ecole plein gaz","url":"https:\/\/auto-moto-ecole-plein-gaz.com\/","logo":{"@type":"ImageObject","inLanguage":"fr-FR","@id":"https:\/\/auto-moto-ecole-plein-gaz.com\/#\/schema\/logo\/image\/","url":"https:\/\/auto-moto-ecole-plein-gaz.com\/wp-content\/uploads\/2017\/11\/pgfinal.png","contentUrl":"https:\/\/auto-moto-ecole-plein-gaz.com\/wp-content\/uploads\/2017\/11\/pgfinal.png","width":280,"height":153,"caption":"auto ecole plein gaz"},"image":{"@id":"https:\/\/auto-moto-ecole-plein-gaz.com\/#\/schema\/logo\/image\/"}}]}},"_links":{"self":[{"href":"https:\/\/auto-moto-ecole-plein-gaz.com\/index.php\/wp-json\/wp\/v2\/pages\/233"}],"collection":[{"href":"https:\/\/auto-moto-ecole-plein-gaz.com\/index.php\/wp-json\/wp\/v2\/pages"}],"about":[{"href":"https:\/\/auto-moto-ecole-plein-gaz.com\/index.php\/wp-json\/wp\/v2\/types\/page"}],"author":[{"embeddable":true,"href":"https:\/\/auto-moto-ecole-plein-gaz.com\/index.php\/wp-json\/wp\/v2\/users\/4"}],"replies":[{"embeddable":true,"href":"https:\/\/auto-moto-ecole-plein-gaz.com\/index.php\/wp-json\/wp\/v2\/comments?post=233"}],"version-history":[{"count":1,"href":"https:\/\/auto-moto-ecole-plein-gaz.com\/index.php\/wp-json\/wp\/v2\/pages\/233\/revisions"}],"predecessor-version":[{"id":448,"href":"https:\/\/auto-moto-ecole-plein-gaz.com\/index.php\/wp-json\/wp\/v2\/pages\/233\/revisions\/448"}],"wp:attachment":[{"href":"https:\/\/auto-moto-ecole-plein-gaz.com\/index.php\/wp-json\/wp\/v2\/media?parent=233"}],"curies":[{"name":"wp","href":"https:\/\/api.w.org\/{rel}","templated":true}]}}