{"id":140,"date":"2017-11-07T20:26:57","date_gmt":"2017-11-07T19:26:57","guid":{"rendered":"http:\/\/88.126.63.142\/wordpress\/?page_id=140"},"modified":"2018-06-14T22:15:03","modified_gmt":"2018-06-14T20:15:03","slug":"passer-le-code","status":"publish","type":"page","link":"https:\/\/auto-moto-ecole-plein-gaz.com\/index.php\/passer-le-code\/","title":{"rendered":"Passer le Code"},"content":{"rendered":"<div id=\"blockGlobal\" class=\"isUnsemantic page-passer-le-code\">\n<div class=\"CSWContainer\">\n<div class=\"section10 CSWItem noResizable noDelete\">\n<div class=\"inner-section\">\n<div class=\"grid-container CSWSortable\">\n<div class=\"CSWItem grid-100\">\n<div class=\"blockArticle\">\n<div class=\"articleContent\">\n<div class=\"blockPicture\"><\/div>\n<div class=\"txt hasParagraph CSWEditable\"><span class=\"CSWDefineFontSize\">La Poste devient centre d&rsquo;examen du Code de la route et organise de nombreuses cessions, individuelles et collectives dans tous les d\u00e9partements.\u00a0<\/span><br \/>\n<span class=\"CSWDefineFontSize\">Passer son code avec la Poste, C&rsquo;est facile et possible d\u00e8s maintenant !\u00a0<\/span><br \/>\n&#8211; La proximit\u00e9<br \/>\n&#8211; Tarif unique (30 \u20ac)<br \/>\n&#8211; Le choix du lieu, de la date<\/p>\n<p><strong><span class=\"CSWDefineFontSize\">Comment s&rsquo;inscrire ?<\/span><\/strong><br \/>\n&#8211; Munissez vous de votre num\u00e9ro NEPH<br \/>\n( Num\u00e9ro d&rsquo;Enregistrement Pr\u00e9fectoral Harmonis\u00e9 qui sera communiqu\u00e9 par votre pr\u00e9fecture ou par votre auto \u00e9cole \u00e0 la suite de votre inscription )<br \/>\n&#8211; Connectez vous en cliquant sur le logo ci-dessous :<a href=\"https:\/\/www.lecode.laposte.fr\/passermonexamenducodeaveclaposte\/\" target=\"_blank\" rel=\"noopener noreferrer\"><img decoding=\"async\" loading=\"lazy\" id=\"csw5851304e06cf4\" class=\"picture CSWEditable aligncenter\" src=\"http:\/\/pleingaz-autoecole.siteviaduc.com\/thumbnail-195\/logo-laposte-e635262.png\" alt=\"cliquez dessus\" width=\"195\" height=\"146\" \/><\/a><br \/>\n&#8211; Cr\u00e9ez votre compte<br \/>\n&#8211; Choisissez votre cession en s\u00e9lectionnant une ville ou une date et r\u00e9servez<br \/>\n&#8211; Validez et payez en ligne par CB<br \/>\n&#8211; Annulation ou modification d&rsquo;une r\u00e9servation possible jusqu&rsquo;\u00e0 3 jours ouvr\u00e9s avant la date d&rsquo;examen.<br \/>\n&#8211; Pr\u00e9sentez vous sur le lieu de rendez-vous 20 min en avance, munis de votre convocation pr\u00e9alablement imprim\u00e9e ainsi que votre Pi\u00e8ce d&rsquo;Identit\u00e9<br \/>\nAttention : Tout retard sera factur\u00e9 et ne sera pas rembours\u00e9 !!!<\/p>\n<p>R\u00e9sultat par mail 2 h plus tard.<\/p><\/div>\n<div class=\"txt hasParagraph CSWEditable\">Imprimez le r\u00e9sultat et en communiquez un exemplaire \u00e0 votre auto \u00e9cole.<\/div>\n<\/div>\n<\/div>\n<\/div>\n<\/div>\n<\/div>\n<\/div>\n<\/div>\n<\/div>\n","protected":false},"excerpt":{"rendered":"<p>La Poste devient centre d&rsquo;examen du Code de la route et organise de nombreuses cessions, individuelles et collectives dans tous les d\u00e9partements.\u00a0 Passer son code avec la Poste, C&rsquo;est facile [&hellip;]<\/p>\n","protected":false},"author":3,"featured_media":0,"parent":0,"menu_order":0,"comment_status":"closed","ping_status":"closed","template":"","meta":[],"acf":[],"yoast_head":"<!-- This site is optimized with the Yoast SEO plugin v20.4 - https:\/\/yoast.com\/wordpress\/plugins\/seo\/ -->\n<title>Passer le Code - Auto-Moto Ecole Plein Gaz<\/title>\n<meta name=\"robots\" content=\"index, follow, max-snippet:-1, max-image-preview:large, max-video-preview:-1\" \/>\n<link rel=\"canonical\" href=\"https:\/\/auto-moto-ecole-plein-gaz.com\/index.php\/passer-le-code\/\" \/>\n<meta property=\"og:locale\" content=\"fr_FR\" \/>\n<meta property=\"og:type\" content=\"article\" \/>\n<meta property=\"og:title\" content=\"Passer le Code - Auto-Moto Ecole Plein Gaz\" \/>\n<meta property=\"og:description\" content=\"La Poste devient centre d&rsquo;examen du Code de la route et organise de nombreuses cessions, individuelles et collectives dans tous les d\u00e9partements.\u00a0 Passer son code avec la Poste, C&rsquo;est facile [&hellip;]\" \/>\n<meta property=\"og:url\" content=\"https:\/\/auto-moto-ecole-plein-gaz.com\/index.php\/passer-le-code\/\" \/>\n<meta property=\"og:site_name\" content=\"Auto-Moto Ecole Plein Gaz\" \/>\n<meta property=\"article:modified_time\" content=\"2018-06-14T20:15:03+00:00\" \/>\n<meta property=\"og:image\" content=\"http:\/\/pleingaz-autoecole.siteviaduc.com\/thumbnail-195\/logo-laposte-e635262.png\" \/>\n<meta name=\"twitter:card\" content=\"summary_large_image\" \/>\n<meta name=\"twitter:label1\" content=\"Dur\u00e9e de lecture estim\u00e9e\" \/>\n\t<meta name=\"twitter:data1\" content=\"1 minute\" \/>\n<script type=\"application\/ld+json\" class=\"yoast-schema-graph\">{\"@context\":\"https:\/\/schema.org\",\"@graph\":[{\"@type\":\"WebPage\",\"@id\":\"https:\/\/auto-moto-ecole-plein-gaz.com\/index.php\/passer-le-code\/\",\"url\":\"https:\/\/auto-moto-ecole-plein-gaz.com\/index.php\/passer-le-code\/\",\"name\":\"Passer le Code - Auto-Moto Ecole Plein Gaz\",\"isPartOf\":{\"@id\":\"https:\/\/auto-moto-ecole-plein-gaz.com\/#website\"},\"datePublished\":\"2017-11-07T19:26:57+00:00\",\"dateModified\":\"2018-06-14T20:15:03+00:00\",\"breadcrumb\":{\"@id\":\"https:\/\/auto-moto-ecole-plein-gaz.com\/index.php\/passer-le-code\/#breadcrumb\"},\"inLanguage\":\"fr-FR\",\"potentialAction\":[{\"@type\":\"ReadAction\",\"target\":[\"https:\/\/auto-moto-ecole-plein-gaz.com\/index.php\/passer-le-code\/\"]}]},{\"@type\":\"BreadcrumbList\",\"@id\":\"https:\/\/auto-moto-ecole-plein-gaz.com\/index.php\/passer-le-code\/#breadcrumb\",\"itemListElement\":[{\"@type\":\"ListItem\",\"position\":1,\"name\":\"Home\",\"item\":\"https:\/\/auto-moto-ecole-plein-gaz.com\/\"},{\"@type\":\"ListItem\",\"position\":2,\"name\":\"Passer le Code\"}]},{\"@type\":\"WebSite\",\"@id\":\"https:\/\/auto-moto-ecole-plein-gaz.com\/#website\",\"url\":\"https:\/\/auto-moto-ecole-plein-gaz.com\/\",\"name\":\"Auto-Moto Ecole Plein Gaz\",\"description\":\"Auto-Moto Ecole Plein Gaz\",\"publisher\":{\"@id\":\"https:\/\/auto-moto-ecole-plein-gaz.com\/#organization\"},\"potentialAction\":[{\"@type\":\"SearchAction\",\"target\":{\"@type\":\"EntryPoint\",\"urlTemplate\":\"https:\/\/auto-moto-ecole-plein-gaz.com\/?s={search_term_string}\"},\"query-input\":\"required name=search_term_string\"}],\"inLanguage\":\"fr-FR\"},{\"@type\":\"Organization\",\"@id\":\"https:\/\/auto-moto-ecole-plein-gaz.com\/#organization\",\"name\":\"auto ecole plein gaz\",\"url\":\"https:\/\/auto-moto-ecole-plein-gaz.com\/\",\"logo\":{\"@type\":\"ImageObject\",\"inLanguage\":\"fr-FR\",\"@id\":\"https:\/\/auto-moto-ecole-plein-gaz.com\/#\/schema\/logo\/image\/\",\"url\":\"https:\/\/auto-moto-ecole-plein-gaz.com\/wp-content\/uploads\/2017\/11\/pgfinal.png\",\"contentUrl\":\"https:\/\/auto-moto-ecole-plein-gaz.com\/wp-content\/uploads\/2017\/11\/pgfinal.png\",\"width\":280,\"height\":153,\"caption\":\"auto ecole plein gaz\"},\"image\":{\"@id\":\"https:\/\/auto-moto-ecole-plein-gaz.com\/#\/schema\/logo\/image\/\"}}]}<\/script>\n<!-- \/ Yoast SEO plugin. -->","yoast_head_json":{"title":"Passer le Code - Auto-Moto Ecole Plein Gaz","robots":{"index":"index","follow":"follow","max-snippet":"max-snippet:-1","max-image-preview":"max-image-preview:large","max-video-preview":"max-video-preview:-1"},"canonical":"https:\/\/auto-moto-ecole-plein-gaz.com\/index.php\/passer-le-code\/","og_locale":"fr_FR","og_type":"article","og_title":"Passer le Code - Auto-Moto Ecole Plein Gaz","og_description":"La Poste devient centre d&rsquo;examen du Code de la route et organise de nombreuses cessions, individuelles et collectives dans tous les d\u00e9partements.\u00a0 Passer son code avec la Poste, C&rsquo;est facile [&hellip;]","og_url":"https:\/\/auto-moto-ecole-plein-gaz.com\/index.php\/passer-le-code\/","og_site_name":"Auto-Moto Ecole Plein Gaz","article_modified_time":"2018-06-14T20:15:03+00:00","og_image":[{"url":"http:\/\/pleingaz-autoecole.siteviaduc.com\/thumbnail-195\/logo-laposte-e635262.png"}],"twitter_card":"summary_large_image","twitter_misc":{"Dur\u00e9e de lecture estim\u00e9e":"1 minute"},"schema":{"@context":"https:\/\/schema.org","@graph":[{"@type":"WebPage","@id":"https:\/\/auto-moto-ecole-plein-gaz.com\/index.php\/passer-le-code\/","url":"https:\/\/auto-moto-ecole-plein-gaz.com\/index.php\/passer-le-code\/","name":"Passer le Code - Auto-Moto Ecole Plein Gaz","isPartOf":{"@id":"https:\/\/auto-moto-ecole-plein-gaz.com\/#website"},"datePublished":"2017-11-07T19:26:57+00:00","dateModified":"2018-06-14T20:15:03+00:00","breadcrumb":{"@id":"https:\/\/auto-moto-ecole-plein-gaz.com\/index.php\/passer-le-code\/#breadcrumb"},"inLanguage":"fr-FR","potentialAction":[{"@type":"ReadAction","target":["https:\/\/auto-moto-ecole-plein-gaz.com\/index.php\/passer-le-code\/"]}]},{"@type":"BreadcrumbList","@id":"https:\/\/auto-moto-ecole-plein-gaz.com\/index.php\/passer-le-code\/#breadcrumb","itemListElement":[{"@type":"ListItem","position":1,"name":"Home","item":"https:\/\/auto-moto-ecole-plein-gaz.com\/"},{"@type":"ListItem","position":2,"name":"Passer le Code"}]},{"@type":"WebSite","@id":"https:\/\/auto-moto-ecole-plein-gaz.com\/#website","url":"https:\/\/auto-moto-ecole-plein-gaz.com\/","name":"Auto-Moto Ecole Plein Gaz","description":"Auto-Moto Ecole Plein Gaz","publisher":{"@id":"https:\/\/auto-moto-ecole-plein-gaz.com\/#organization"},"potentialAction":[{"@type":"SearchAction","target":{"@type":"EntryPoint","urlTemplate":"https:\/\/auto-moto-ecole-plein-gaz.com\/?s={search_term_string}"},"query-input":"required name=search_term_string"}],"inLanguage":"fr-FR"},{"@type":"Organization","@id":"https:\/\/auto-moto-ecole-plein-gaz.com\/#organization","name":"auto ecole plein gaz","url":"https:\/\/auto-moto-ecole-plein-gaz.com\/","logo":{"@type":"ImageObject","inLanguage":"fr-FR","@id":"https:\/\/auto-moto-ecole-plein-gaz.com\/#\/schema\/logo\/image\/","url":"https:\/\/auto-moto-ecole-plein-gaz.com\/wp-content\/uploads\/2017\/11\/pgfinal.png","contentUrl":"https:\/\/auto-moto-ecole-plein-gaz.com\/wp-content\/uploads\/2017\/11\/pgfinal.png","width":280,"height":153,"caption":"auto ecole plein gaz"},"image":{"@id":"https:\/\/auto-moto-ecole-plein-gaz.com\/#\/schema\/logo\/image\/"}}]}},"_links":{"self":[{"href":"https:\/\/auto-moto-ecole-plein-gaz.com\/index.php\/wp-json\/wp\/v2\/pages\/140"}],"collection":[{"href":"https:\/\/auto-moto-ecole-plein-gaz.com\/index.php\/wp-json\/wp\/v2\/pages"}],"about":[{"href":"https:\/\/auto-moto-ecole-plein-gaz.com\/index.php\/wp-json\/wp\/v2\/types\/page"}],"author":[{"embeddable":true,"href":"https:\/\/auto-moto-ecole-plein-gaz.com\/index.php\/wp-json\/wp\/v2\/users\/3"}],"replies":[{"embeddable":true,"href":"https:\/\/auto-moto-ecole-plein-gaz.com\/index.php\/wp-json\/wp\/v2\/comments?post=140"}],"version-history":[{"count":1,"href":"https:\/\/auto-moto-ecole-plein-gaz.com\/index.php\/wp-json\/wp\/v2\/pages\/140\/revisions"}],"predecessor-version":[{"id":524,"href":"https:\/\/auto-moto-ecole-plein-gaz.com\/index.php\/wp-json\/wp\/v2\/pages\/140\/revisions\/524"}],"wp:attachment":[{"href":"https:\/\/auto-moto-ecole-plein-gaz.com\/index.php\/wp-json\/wp\/v2\/media?parent=140"}],"curies":[{"name":"wp","href":"https:\/\/api.w.org\/{rel}","templated":true}]}}