{"id":124,"date":"2017-11-07T19:16:28","date_gmt":"2017-11-07T18:16:28","guid":{"rendered":"http:\/\/88.126.63.142\/wordpress\/?page_id=124"},"modified":"2025-02-05T14:47:40","modified_gmt":"2025-02-05T13:47:40","slug":"nos-vehicules","status":"publish","type":"page","link":"https:\/\/auto-moto-ecole-plein-gaz.com\/index.php\/nos-vehicules\/","title":{"rendered":"Nos V\u00e9hicules"},"content":{"rendered":"<p style=\"text-align: left;\">Pour assurer votre apprentissage, l&rsquo;auto \u00e9cole Plein Gaz vous propose ces v\u00e9hicules :<\/p>\n<p style=\"text-align: center;\">Citro\u00ebn C3 mod\u00e8le 2023, 110 Ch, boite 6 vitesses <img decoding=\"async\" src=\"https:\/\/auto-moto-ecole-plein-gaz.com\/wp-content\/uploads\/2020\/12\/citroen-c3-noir-perla-nera-2017.png\" alt=\"L\u2019attribut alt de cette image est vide, son nom de fichier est citroen-c3-noir-perla-nera-2017.png.\" \/><\/p>\n<p style=\"text-align: center;\"><img decoding=\"async\" src=\"https:\/\/auto-moto-ecole-plein-gaz.com\/wp-content\/uploads\/2020\/12\/citroen-c3-int-2016.jpg\" alt=\"L\u2019attribut alt de cette image est vide, son nom de fichier est citroen-c3-int-2016.jpg.\" \/><\/p>\n<p style=\"text-align: center;\">Citro\u00ebn C4 Cactus mod\u00e8le 2019 , 110 ch<br \/>\n<img decoding=\"async\" src=\"https:\/\/auto-moto-ecole-plein-gaz.com\/wp-content\/uploads\/2020\/12\/citroen-c4-cactus-noir-obsidien-obsidian-black.png\" alt=\"L\u2019attribut alt de cette image est vide, son nom de fichier est citroen-c4-cactus-noir-obsidien-obsidian-black.png.\" \/><\/p>\n<p><img decoding=\"async\" src=\"https:\/\/auto-moto-ecole-plein-gaz.com\/wp-content\/uploads\/2020\/12\/citroen-c4-cactus-2018-essai-shine-bleu-50-1024x682.jpg\" alt=\"L\u2019attribut alt de cette image est vide, son nom de fichier est citroen-c4-cactus-2018-essai-shine-bleu-50-1024x682.jpg.\" \/><\/p>\n<p style=\"text-align: center;\"><img decoding=\"async\" class=\"\" src=\"https:\/\/auto-moto-ecole-plein-gaz.com\/wp-content\/uploads\/2025\/02\/bmw-310-1024x724.jpg\" alt=\"L\u2019attribut alt de cette image est vide, son nom de fichier est bmw-310-1024x724.jpg.\" \/>BMW 310 R de 2024, 34 ch pour 164 Kg en ordre de marche, hauteur de selle 785 mm<img decoding=\"async\" loading=\"lazy\" class=\"size-medium wp-image-184 aligncenter\" src=\"http:\/\/auto-moto-ecole-plein-gaz.com\/wp-content\/uploads\/2018\/03\/Kawasaki-650-ER-6n-2015-700px2-300x216.jpg\" alt=\"\" width=\"300\" height=\"216\" srcset=\"https:\/\/auto-moto-ecole-plein-gaz.com\/wp-content\/uploads\/2018\/03\/Kawasaki-650-ER-6n-2015-700px2-300x216.jpg 300w, https:\/\/auto-moto-ecole-plein-gaz.com\/wp-content\/uploads\/2018\/03\/Kawasaki-650-ER-6n-2015-700px2.jpg 700w\" sizes=\"(max-width: 300px) 100vw, 300px\" \/><\/p>\n<p style=\"text-align: center;\">Kawasaki ER6 mod\u00e8le 2016 avec ABS , 48 ch pour 204 Kg en ordre de marche, hauteur de selle 805 mm<br \/>\n<img decoding=\"async\" loading=\"lazy\" class=\"alignnone wp-image-185\" src=\"http:\/\/auto-moto-ecole-plein-gaz.com\/wp-content\/uploads\/2018\/03\/Suzuki-DR-125-SM-2013-700px-300x197.jpg\" alt=\"\" width=\"305\" height=\"200\" srcset=\"https:\/\/auto-moto-ecole-plein-gaz.com\/wp-content\/uploads\/2018\/03\/Suzuki-DR-125-SM-2013-700px-300x197.jpg 300w, https:\/\/auto-moto-ecole-plein-gaz.com\/wp-content\/uploads\/2018\/03\/Suzuki-DR-125-SM-2013-700px.jpg 700w\" sizes=\"(max-width: 305px) 100vw, 305px\" \/><\/p>\n<p style=\"text-align: center;\">Suzuki 125 DR , 10 ch<br \/>\n<img decoding=\"async\" loading=\"lazy\" class=\"alignnone wp-image-203\" src=\"http:\/\/auto-moto-ecole-plein-gaz.com\/wp-content\/uploads\/2018\/03\/peugeot-ludix-trend-noir-300x174.jpg\" alt=\"\" width=\"317\" height=\"184\" srcset=\"https:\/\/auto-moto-ecole-plein-gaz.com\/wp-content\/uploads\/2018\/03\/peugeot-ludix-trend-noir-300x174.jpg 300w, https:\/\/auto-moto-ecole-plein-gaz.com\/wp-content\/uploads\/2018\/03\/peugeot-ludix-trend-noir.jpg 700w\" sizes=\"(max-width: 317px) 100vw, 317px\" \/><\/p>\n<p style=\"text-align: center;\">Peugeot Ludix Trent 49,9 cm3<\/p>\n","protected":false},"excerpt":{"rendered":"<p>Pour assurer votre apprentissage, l&rsquo;auto \u00e9cole Plein Gaz vous propose ces v\u00e9hicules : Citro\u00ebn C3 mod\u00e8le 2023, 110 Ch, boite 6 vitesses Citro\u00ebn C4 Cactus mod\u00e8le 2019 , 110 ch [&hellip;]<\/p>\n","protected":false},"author":3,"featured_media":0,"parent":0,"menu_order":0,"comment_status":"closed","ping_status":"closed","template":"","meta":[],"acf":[],"yoast_head":"<!-- This site is optimized with the Yoast SEO plugin v20.4 - https:\/\/yoast.com\/wordpress\/plugins\/seo\/ -->\n<title>Nos V\u00e9hicules - Auto-Moto Ecole Plein Gaz<\/title>\n<meta name=\"robots\" content=\"index, follow, max-snippet:-1, max-image-preview:large, max-video-preview:-1\" \/>\n<link rel=\"canonical\" href=\"https:\/\/auto-moto-ecole-plein-gaz.com\/index.php\/nos-vehicules\/\" \/>\n<meta property=\"og:locale\" content=\"fr_FR\" \/>\n<meta property=\"og:type\" content=\"article\" \/>\n<meta property=\"og:title\" content=\"Nos V\u00e9hicules - Auto-Moto Ecole Plein Gaz\" \/>\n<meta property=\"og:description\" content=\"Pour assurer votre apprentissage, l&rsquo;auto \u00e9cole Plein Gaz vous propose ces v\u00e9hicules : Citro\u00ebn C3 mod\u00e8le 2023, 110 Ch, boite 6 vitesses Citro\u00ebn C4 Cactus mod\u00e8le 2019 , 110 ch [&hellip;]\" \/>\n<meta property=\"og:url\" content=\"https:\/\/auto-moto-ecole-plein-gaz.com\/index.php\/nos-vehicules\/\" \/>\n<meta property=\"og:site_name\" content=\"Auto-Moto Ecole Plein Gaz\" \/>\n<meta property=\"article:modified_time\" content=\"2025-02-05T13:47:40+00:00\" \/>\n<meta property=\"og:image\" content=\"https:\/\/auto-moto-ecole-plein-gaz.com\/wp-content\/uploads\/2020\/12\/citroen-c3-noir-perla-nera-2017.png\" \/>\n<meta name=\"twitter:card\" content=\"summary_large_image\" \/>\n<meta name=\"twitter:label1\" content=\"Dur\u00e9e de lecture estim\u00e9e\" \/>\n\t<meta name=\"twitter:data1\" content=\"2 minutes\" \/>\n<script type=\"application\/ld+json\" class=\"yoast-schema-graph\">{\"@context\":\"https:\/\/schema.org\",\"@graph\":[{\"@type\":\"WebPage\",\"@id\":\"https:\/\/auto-moto-ecole-plein-gaz.com\/index.php\/nos-vehicules\/\",\"url\":\"https:\/\/auto-moto-ecole-plein-gaz.com\/index.php\/nos-vehicules\/\",\"name\":\"Nos V\u00e9hicules - Auto-Moto Ecole Plein Gaz\",\"isPartOf\":{\"@id\":\"https:\/\/auto-moto-ecole-plein-gaz.com\/#website\"},\"datePublished\":\"2017-11-07T18:16:28+00:00\",\"dateModified\":\"2025-02-05T13:47:40+00:00\",\"breadcrumb\":{\"@id\":\"https:\/\/auto-moto-ecole-plein-gaz.com\/index.php\/nos-vehicules\/#breadcrumb\"},\"inLanguage\":\"fr-FR\",\"potentialAction\":[{\"@type\":\"ReadAction\",\"target\":[\"https:\/\/auto-moto-ecole-plein-gaz.com\/index.php\/nos-vehicules\/\"]}]},{\"@type\":\"BreadcrumbList\",\"@id\":\"https:\/\/auto-moto-ecole-plein-gaz.com\/index.php\/nos-vehicules\/#breadcrumb\",\"itemListElement\":[{\"@type\":\"ListItem\",\"position\":1,\"name\":\"Home\",\"item\":\"https:\/\/auto-moto-ecole-plein-gaz.com\/\"},{\"@type\":\"ListItem\",\"position\":2,\"name\":\"Nos V\u00e9hicules\"}]},{\"@type\":\"WebSite\",\"@id\":\"https:\/\/auto-moto-ecole-plein-gaz.com\/#website\",\"url\":\"https:\/\/auto-moto-ecole-plein-gaz.com\/\",\"name\":\"Auto-Moto Ecole Plein Gaz\",\"description\":\"Auto-Moto Ecole Plein Gaz\",\"publisher\":{\"@id\":\"https:\/\/auto-moto-ecole-plein-gaz.com\/#organization\"},\"potentialAction\":[{\"@type\":\"SearchAction\",\"target\":{\"@type\":\"EntryPoint\",\"urlTemplate\":\"https:\/\/auto-moto-ecole-plein-gaz.com\/?s={search_term_string}\"},\"query-input\":\"required name=search_term_string\"}],\"inLanguage\":\"fr-FR\"},{\"@type\":\"Organization\",\"@id\":\"https:\/\/auto-moto-ecole-plein-gaz.com\/#organization\",\"name\":\"auto ecole plein gaz\",\"url\":\"https:\/\/auto-moto-ecole-plein-gaz.com\/\",\"logo\":{\"@type\":\"ImageObject\",\"inLanguage\":\"fr-FR\",\"@id\":\"https:\/\/auto-moto-ecole-plein-gaz.com\/#\/schema\/logo\/image\/\",\"url\":\"https:\/\/auto-moto-ecole-plein-gaz.com\/wp-content\/uploads\/2017\/11\/pgfinal.png\",\"contentUrl\":\"https:\/\/auto-moto-ecole-plein-gaz.com\/wp-content\/uploads\/2017\/11\/pgfinal.png\",\"width\":280,\"height\":153,\"caption\":\"auto ecole plein gaz\"},\"image\":{\"@id\":\"https:\/\/auto-moto-ecole-plein-gaz.com\/#\/schema\/logo\/image\/\"}}]}<\/script>\n<!-- \/ Yoast SEO plugin. -->","yoast_head_json":{"title":"Nos V\u00e9hicules - Auto-Moto Ecole Plein Gaz","robots":{"index":"index","follow":"follow","max-snippet":"max-snippet:-1","max-image-preview":"max-image-preview:large","max-video-preview":"max-video-preview:-1"},"canonical":"https:\/\/auto-moto-ecole-plein-gaz.com\/index.php\/nos-vehicules\/","og_locale":"fr_FR","og_type":"article","og_title":"Nos V\u00e9hicules - Auto-Moto Ecole Plein Gaz","og_description":"Pour assurer votre apprentissage, l&rsquo;auto \u00e9cole Plein Gaz vous propose ces v\u00e9hicules : Citro\u00ebn C3 mod\u00e8le 2023, 110 Ch, boite 6 vitesses Citro\u00ebn C4 Cactus mod\u00e8le 2019 , 110 ch [&hellip;]","og_url":"https:\/\/auto-moto-ecole-plein-gaz.com\/index.php\/nos-vehicules\/","og_site_name":"Auto-Moto Ecole Plein Gaz","article_modified_time":"2025-02-05T13:47:40+00:00","og_image":[{"url":"https:\/\/auto-moto-ecole-plein-gaz.com\/wp-content\/uploads\/2020\/12\/citroen-c3-noir-perla-nera-2017.png"}],"twitter_card":"summary_large_image","twitter_misc":{"Dur\u00e9e de lecture estim\u00e9e":"2 minutes"},"schema":{"@context":"https:\/\/schema.org","@graph":[{"@type":"WebPage","@id":"https:\/\/auto-moto-ecole-plein-gaz.com\/index.php\/nos-vehicules\/","url":"https:\/\/auto-moto-ecole-plein-gaz.com\/index.php\/nos-vehicules\/","name":"Nos V\u00e9hicules - Auto-Moto Ecole Plein Gaz","isPartOf":{"@id":"https:\/\/auto-moto-ecole-plein-gaz.com\/#website"},"datePublished":"2017-11-07T18:16:28+00:00","dateModified":"2025-02-05T13:47:40+00:00","breadcrumb":{"@id":"https:\/\/auto-moto-ecole-plein-gaz.com\/index.php\/nos-vehicules\/#breadcrumb"},"inLanguage":"fr-FR","potentialAction":[{"@type":"ReadAction","target":["https:\/\/auto-moto-ecole-plein-gaz.com\/index.php\/nos-vehicules\/"]}]},{"@type":"BreadcrumbList","@id":"https:\/\/auto-moto-ecole-plein-gaz.com\/index.php\/nos-vehicules\/#breadcrumb","itemListElement":[{"@type":"ListItem","position":1,"name":"Home","item":"https:\/\/auto-moto-ecole-plein-gaz.com\/"},{"@type":"ListItem","position":2,"name":"Nos V\u00e9hicules"}]},{"@type":"WebSite","@id":"https:\/\/auto-moto-ecole-plein-gaz.com\/#website","url":"https:\/\/auto-moto-ecole-plein-gaz.com\/","name":"Auto-Moto Ecole Plein Gaz","description":"Auto-Moto Ecole Plein Gaz","publisher":{"@id":"https:\/\/auto-moto-ecole-plein-gaz.com\/#organization"},"potentialAction":[{"@type":"SearchAction","target":{"@type":"EntryPoint","urlTemplate":"https:\/\/auto-moto-ecole-plein-gaz.com\/?s={search_term_string}"},"query-input":"required name=search_term_string"}],"inLanguage":"fr-FR"},{"@type":"Organization","@id":"https:\/\/auto-moto-ecole-plein-gaz.com\/#organization","name":"auto ecole plein gaz","url":"https:\/\/auto-moto-ecole-plein-gaz.com\/","logo":{"@type":"ImageObject","inLanguage":"fr-FR","@id":"https:\/\/auto-moto-ecole-plein-gaz.com\/#\/schema\/logo\/image\/","url":"https:\/\/auto-moto-ecole-plein-gaz.com\/wp-content\/uploads\/2017\/11\/pgfinal.png","contentUrl":"https:\/\/auto-moto-ecole-plein-gaz.com\/wp-content\/uploads\/2017\/11\/pgfinal.png","width":280,"height":153,"caption":"auto ecole plein gaz"},"image":{"@id":"https:\/\/auto-moto-ecole-plein-gaz.com\/#\/schema\/logo\/image\/"}}]}},"_links":{"self":[{"href":"https:\/\/auto-moto-ecole-plein-gaz.com\/index.php\/wp-json\/wp\/v2\/pages\/124"}],"collection":[{"href":"https:\/\/auto-moto-ecole-plein-gaz.com\/index.php\/wp-json\/wp\/v2\/pages"}],"about":[{"href":"https:\/\/auto-moto-ecole-plein-gaz.com\/index.php\/wp-json\/wp\/v2\/types\/page"}],"author":[{"embeddable":true,"href":"https:\/\/auto-moto-ecole-plein-gaz.com\/index.php\/wp-json\/wp\/v2\/users\/3"}],"replies":[{"embeddable":true,"href":"https:\/\/auto-moto-ecole-plein-gaz.com\/index.php\/wp-json\/wp\/v2\/comments?post=124"}],"version-history":[{"count":7,"href":"https:\/\/auto-moto-ecole-plein-gaz.com\/index.php\/wp-json\/wp\/v2\/pages\/124\/revisions"}],"predecessor-version":[{"id":804,"href":"https:\/\/auto-moto-ecole-plein-gaz.com\/index.php\/wp-json\/wp\/v2\/pages\/124\/revisions\/804"}],"wp:attachment":[{"href":"https:\/\/auto-moto-ecole-plein-gaz.com\/index.php\/wp-json\/wp\/v2\/media?parent=124"}],"curies":[{"name":"wp","href":"https:\/\/api.w.org\/{rel}","templated":true}]}}